{"id":10,"date":"2024-10-24T11:35:52","date_gmt":"2024-10-24T11:35:52","guid":{"rendered":"https:\/\/ciencias.uem.mz\/?page_id=10"},"modified":"2024-10-29T12:55:28","modified_gmt":"2024-10-29T12:55:28","slug":"historial","status":"publish","type":"page","link":"https:\/\/ciencias.uem.mz\/?page_id=10","title":{"rendered":"Historial"},"content":{"rendered":"\t\t<div data-elementor-type=\"wp-page\" data-elementor-id=\"10\" class=\"elementor elementor-10\">\n\t\t\t\t<div class=\"elementor-element elementor-element-160ddd8 e-flex e-con-boxed e-con e-parent\" data-id=\"160ddd8\" data-element_type=\"container\">\n\t\t\t\t\t<div class=\"e-con-inner\">\n\t\t\t\t<div class=\"elementor-element elementor-element-128f7181 elementor-widget elementor-widget-text-editor\" data-id=\"128f7181\" data-element_type=\"widget\" data-widget_type=\"text-editor.default\">\n\t\t\t\t<div class=\"elementor-widget-container\">\n\t\t\t\t\t\t\t\t\t<p><\/p>\n<h2 class=\"wp-block-heading\">Historial<\/h2>\n<p><\/p>\n<p><\/p>\n<p>A Universidade Eduardo Mondlane foi fundada no dia 21 de Agosto de 1962, sob a designa\u00e7\u00e3o de Estudos Gerais Universit\u00e1rios de Mo\u00e7ambique, e em 1968 ascende \u00e0 categoria de Universidade, sendo ent\u00e3o designada Universidade de Louren\u00e7o Marques (ULM).<\/p>\n<p><\/p>\n<p><\/p>\n<p>Entre 1963 e 1968 s\u00e3o abertos os cursos na \u00e1rea das Ci\u00eancias: F\u00edsica, Qu\u00edmica, Geologia, Matem\u00e1tica e Biologia.<\/p>\n<p><\/p>\n<p><\/p>\n<p>A partir de 1976 a ULM passa a designar-se por Universidade Eduardo Mondlane (UEM) e, nessa altura, inicia um processo de reformas curriculares e reestrutura\u00e7\u00e3o interna. Cada curso de Ci\u00eancias passa a constituir uma faculdade, passando a existir 5 Faculdades:<\/p>\n<p><\/p>\n<p><\/p>\n<ul class=\"wp-block-list\">\n<li style=\"list-style-type: none;\">\n<ul class=\"wp-block-list\"><\/ul>\n<\/li>\n<\/ul>\n<ul class=\"wp-block-list\">\n<li style=\"list-style-type: none;\">\n<ul class=\"wp-block-list\">\n<li>Faculdade de Biologia<\/li>\n<\/ul>\n<\/li>\n<\/ul>\n<p><\/p>\n<p><\/p>\n<ul class=\"wp-block-list\">\n<li style=\"list-style-type: none;\">\n<ul class=\"wp-block-list\">\n<li>Faculdade de F\u00edsica<\/li>\n<\/ul>\n<\/li>\n<\/ul>\n<p><\/p>\n<p><\/p>\n<ul class=\"wp-block-list\">\n<li style=\"list-style-type: none;\">\n<ul class=\"wp-block-list\">\n<li>Faculdade de Qu\u00edmica<\/li>\n<\/ul>\n<\/li>\n<\/ul>\n<p><\/p>\n<p><\/p>\n<ul class=\"wp-block-list\">\n<li style=\"list-style-type: none;\">\n<ul class=\"wp-block-list\">\n<li>Faculdade de Geologia e,<\/li>\n<\/ul>\n<\/li>\n<\/ul>\n<p><\/p>\n<p><\/p>\n<ul class=\"wp-block-list\">\n<li style=\"list-style-type: none;\">\n<ul class=\"wp-block-list\">\n<li>Faculdade de Matem\u00e1tica<\/li>\n<\/ul>\n<\/li>\n<\/ul>\n<p><\/p>\n<p><\/p>\n<p><\/p>\n<p>Em 1980 cria-se a Faculdade de Ci\u00eancias (FC) integrando as Faculdades de F\u00edsica, Qu\u00edmica e Geologia, que se encontravam no mesmo Campus Universit\u00e1rio, e estas passam a ser designadas de Departamentos Acad\u00e9micos da FC. Cinco anos mais tarde, em 1985, a FC cria o Departamento de Ci\u00eancias B\u00e1sicas da Faculdade de Ci\u00eancias \u201cBUSCEP\u201d.<\/p>\n<p><\/p>\n<p><\/p>\n<p>A FC passa por uma reestrutura\u00e7\u00e3o em 1992 e, a partir deste momento, passa a ser constitu\u00edda por seis (6) Departamentos Acad\u00e9micos, nomeadamente: Biologia, F\u00edsica, Qu\u00edmica, Geologia, Matem\u00e1tica e Ci\u00eancias B\u00e1sicas (BUSCEP). At\u00e9 ent\u00e3o os Departamentos Acad\u00e9micos funcionavam dispersos, alguns no Campus Principal da UEM e outros no Campus da Faculdade de Engenharia.<\/p>\n<p><\/p>\n<p><\/p>\n<p>Ap\u00f3s esta reestrutura\u00e7\u00e3o s\u00e3o elaborados planos de constru\u00e7\u00e3o do Complexo da Faculdade de Ci\u00eancias, que viria a permitir a congrega\u00e7\u00e3o de todos os Departamentos, consegue-se o financiamento do Banco Mundial, iniciam-se as respectivas obras e em 2000 inaugura-se os primeiros edif\u00edcios da faculdade, pertencentes aos Departamentos de F\u00edsica e Qu\u00edmica.<\/p>\n<p><\/p>\n<p><\/p>\n<p>Em 2001, a FC decide encerrar o BUSCEP e renova a sua estrutura org\u00e2nica que passa a ser constitu\u00edda pelos cinco (5) Departamentos Acad\u00e9micos restantes, nomeadamente Biologia, F\u00edsica, Qu\u00edmica, Geologia, Matem\u00e1tica, e um (1) Centro de Investiga\u00e7\u00e3o, a Esta\u00e7\u00e3o de Biologia Mar\u00edtima da Inhaca (EBMI).<\/p>\n<p><\/p>\n<p><\/p>\n<p>Nos anos que se seguiram a Faculdade imprimiu novos esfor\u00e7os no sentido de prosseguir com o seu plano de constru\u00e7\u00e3o do complexo da faculdade, conseguiu novo financiamento e iniciou as obras de constru\u00e7\u00e3o de mais um edif\u00edcio. Este \u00faltimo foi inaugurado em 2011 e acomoda desde ent\u00e3o o Departamento de Matem\u00e1tica e Inform\u00e1tica e o Departamento de Ci\u00eancias Biol\u00f3gicas.<\/p>\n<p><\/p>\n<p><\/p>\n<p>Nos\u00a0\u00faltimos 10 anos, para fazer face aos desafios\u00a0correntes da sociedade e alinhar-se ao novo posicionamento da UEM como uma universidade de investiga\u00e7\u00e3o,\u00a0foram criados alguns centros internos com o foco na pesquisa e extens\u00e3o.\u00a0O Centro de Pesquisa em Energia (CPE), o Centro de Pesquisas Estat\u00edsticas\u00a0(CEPPES)\u00a0e\u00a0o Centro de Treinamento em Radioterapia (CTR) passam a integrar a estrutura\u00a0org\u00e2nica da Faculdade de Ci\u00eancias.<\/p>\n<p><\/p>\n<p><\/p>\n<p>Actualmente, a Direc\u00e7\u00e3o da Faculdade est\u00e1 instalada no Campus Principal da UEM \u00e0 semelhan\u00e7a dos seus Departamentos Acad\u00e9micos e Administrativos, incluindo o Departamento de Geologia que se transferiu do Campus da Faculdade de Engenharia em Janeiro de 2024, e de seus Centros de Pesquisa, com excep\u00e7\u00e3o da EBMI que est\u00e1 instalada na Ilha de Inhaca. As obras de constru\u00e7\u00e3o do novo edif\u00edcio que acomoda actualmente a Direc\u00e7\u00e3o da Faculdade e o Departamento de Geologia tiveram inicio em Outubro de 2019, com o financiamento conjunto do Banco \u00c1rabe para o Desenvolvimento Econ\u00f3mico de \u00c1frica (BADEA) e do Governo de Mo\u00e7ambique. A inaugura\u00e7\u00e3o deste edif\u00edcio foi realizada no dia 24 de Janeiro de 2024.<\/p>\n<p>\u00a0<\/p>\t\t\t\t\t\t\t\t<\/div>\n\t\t\t\t<\/div>\n\t\t\t\t\t<\/div>\n\t\t\t\t<\/div>\n\t\t<div class=\"elementor-element elementor-element-2249c3a e-flex e-con-boxed e-con e-parent\" data-id=\"2249c3a\" data-element_type=\"container\">\n\t\t\t\t\t<div class=\"e-con-inner\">\n\t\t\t\t<div class=\"elementor-element elementor-element-bf85bac elementor-widget elementor-widget-heading\" data-id=\"bf85bac\" data-element_type=\"widget\" data-widget_type=\"heading.default\">\n\t\t\t\t<div class=\"elementor-widget-container\">\n\t\t\t\t\t<h2 class=\"elementor-heading-title elementor-size-default\">Directores da Faculdade de Ci\u00eancias desde 1980<\/h2>\t\t\t\t<\/div>\n\t\t\t\t<\/div>\n\t\t\t\t<div class=\"elementor-element elementor-element-42ba817 elementor-icon-list--layout-traditional elementor-list-item-link-full_width elementor-widget elementor-widget-icon-list\" data-id=\"42ba817\" data-element_type=\"widget\" data-widget_type=\"icon-list.default\">\n\t\t\t\t<div class=\"elementor-widget-container\">\n\t\t\t\t\t\t\t<ul class=\"elementor-icon-list-items\">\n\t\t\t\t\t\t\t<li class=\"elementor-icon-list-item\">\n\t\t\t\t\t\t\t\t\t\t\t<span class=\"elementor-icon-list-icon\">\n\t\t\t\t\t\t\t<i aria-hidden=\"true\" class=\"icon icon-countdown-timer\"><\/i>\t\t\t\t\t\t<\/span>\n\t\t\t\t\t\t\t\t\t\t<span class=\"elementor-icon-list-text\">Prof. Doutor Daud Liace Jamal 2020 at\u00e9 a presente data<\/span>\n\t\t\t\t\t\t\t\t\t<\/li>\n\t\t\t\t\t\t\t\t<li class=\"elementor-icon-list-item\">\n\t\t\t\t\t\t\t\t\t\t\t<span class=\"elementor-icon-list-icon\">\n\t\t\t\t\t\t\t<i aria-hidden=\"true\" class=\"icon icon-countdown-timer\"><\/i>\t\t\t\t\t\t<\/span>\n\t\t\t\t\t\t\t\t\t\t<span class=\"elementor-icon-list-text\">Prof. Doutor Em\u00edlio Mosse 2016 a 2020<\/span>\n\t\t\t\t\t\t\t\t\t<\/li>\n\t\t\t\t\t\t\t\t<li class=\"elementor-icon-list-item\">\n\t\t\t\t\t\t\t\t\t\t\t<span class=\"elementor-icon-list-icon\">\n\t\t\t\t\t\t\t<i aria-hidden=\"true\" class=\"icon icon-countdown-timer\"><\/i>\t\t\t\t\t\t<\/span>\n\t\t\t\t\t\t\t\t\t\t<span class=\"elementor-icon-list-text\">Profa. Doutora Am\u00e1lia Uamusse 2006 a 2016<\/span>\n\t\t\t\t\t\t\t\t\t<\/li>\n\t\t\t\t\t\t\t\t<li class=\"elementor-icon-list-item\">\n\t\t\t\t\t\t\t\t\t\t\t<span class=\"elementor-icon-list-icon\">\n\t\t\t\t\t\t\t<i aria-hidden=\"true\" class=\"icon icon-countdown-timer\"><\/i>\t\t\t\t\t\t<\/span>\n\t\t\t\t\t\t\t\t\t\t<span class=\"elementor-icon-list-text\">Prof. Doutor Francisco Vieira 2000 a 2006<\/span>\n\t\t\t\t\t\t\t\t\t<\/li>\n\t\t\t\t\t\t\t\t<li class=\"elementor-icon-list-item\">\n\t\t\t\t\t\t\t\t\t\t\t<span class=\"elementor-icon-list-icon\">\n\t\t\t\t\t\t\t<i aria-hidden=\"true\" class=\"icon icon-countdown-timer\"><\/i>\t\t\t\t\t\t<\/span>\n\t\t\t\t\t\t\t\t\t\t<span class=\"elementor-icon-list-text\">Prof. Doutor Isidro Rafael 1995 a 2000<\/span>\n\t\t\t\t\t\t\t\t\t<\/li>\n\t\t\t\t\t\t\t\t<li class=\"elementor-icon-list-item\">\n\t\t\t\t\t\t\t\t\t\t\t<span class=\"elementor-icon-list-icon\">\n\t\t\t\t\t\t\t<i aria-hidden=\"true\" class=\"icon icon-countdown-timer\"><\/i>\t\t\t\t\t\t<\/span>\n\t\t\t\t\t\t\t\t\t\t<span class=\"elementor-icon-list-text\">Prof. Doutor Orlando Quilambo 1992 a 1995<\/span>\n\t\t\t\t\t\t\t\t\t<\/li>\n\t\t\t\t\t\t\t\t<li class=\"elementor-icon-list-item\">\n\t\t\t\t\t\t\t\t\t\t\t<span class=\"elementor-icon-list-icon\">\n\t\t\t\t\t\t\t<i aria-hidden=\"true\" class=\"icon icon-countdown-timer\"><\/i>\t\t\t\t\t\t<\/span>\n\t\t\t\t\t\t\t\t\t\t<span class=\"elementor-icon-list-text\">Prof. Doutor Alexandre Maphossa Janeiro a Agosto de 1992<\/span>\n\t\t\t\t\t\t\t\t\t<\/li>\n\t\t\t\t\t\t\t\t<li class=\"elementor-icon-list-item\">\n\t\t\t\t\t\t\t\t\t\t\t<span class=\"elementor-icon-list-icon\">\n\t\t\t\t\t\t\t<i aria-hidden=\"true\" class=\"icon icon-countdown-timer\"><\/i>\t\t\t\t\t\t<\/span>\n\t\t\t\t\t\t\t\t\t\t<span class=\"elementor-icon-list-text\">Profa. Doutora Fung Dai Kim 1990 a 1992<\/span>\n\t\t\t\t\t\t\t\t\t<\/li>\n\t\t\t\t\t\t\t\t<li class=\"elementor-icon-list-item\">\n\t\t\t\t\t\t\t\t\t\t\t<span class=\"elementor-icon-list-icon\">\n\t\t\t\t\t\t\t<i aria-hidden=\"true\" class=\"icon icon-countdown-timer\"><\/i>\t\t\t\t\t\t<\/span>\n\t\t\t\t\t\t\t\t\t\t<span class=\"elementor-icon-list-text\">Prof. Doutor Narciso Matos 1987 a 1990<\/span>\n\t\t\t\t\t\t\t\t\t<\/li>\n\t\t\t\t\t\t\t\t<li class=\"elementor-icon-list-item\">\n\t\t\t\t\t\t\t\t\t\t\t<span class=\"elementor-icon-list-icon\">\n\t\t\t\t\t\t\t<i aria-hidden=\"true\" class=\"icon icon-countdown-timer\"><\/i>\t\t\t\t\t\t<\/span>\n\t\t\t\t\t\t\t\t\t\t<span class=\"elementor-icon-list-text\">Prof. Doutor Leonid Kapreliantz 1985 a 1987<\/span>\n\t\t\t\t\t\t\t\t\t<\/li>\n\t\t\t\t\t\t\t\t<li class=\"elementor-icon-list-item\">\n\t\t\t\t\t\t\t\t\t\t\t<span class=\"elementor-icon-list-icon\">\n\t\t\t\t\t\t\t<i aria-hidden=\"true\" class=\"icon icon-countdown-timer\"><\/i>\t\t\t\t\t\t<\/span>\n\t\t\t\t\t\t\t\t\t\t<span class=\"elementor-icon-list-text\">Eng. Ant\u00f3nio Saraiva de Sousa 1980 a 1984<\/span>\n\t\t\t\t\t\t\t\t\t<\/li>\n\t\t\t\t\t\t<\/ul>\n\t\t\t\t\t\t<\/div>\n\t\t\t\t<\/div>\n\t\t\t\t\t<\/div>\n\t\t\t\t<\/div>\n\t\t<div class=\"elementor-element elementor-element-633ef0a e-flex e-con-boxed e-con e-parent\" data-id=\"633ef0a\" data-element_type=\"container\">\n\t\t\t\t\t<div class=\"e-con-inner\">\n\t\t\t\t<div class=\"elementor-element elementor-element-92f673f elementor-widget elementor-widget-heading\" data-id=\"92f673f\" data-element_type=\"widget\" data-widget_type=\"heading.default\">\n\t\t\t\t<div class=\"elementor-widget-container\">\n\t\t\t\t\t<h2 class=\"elementor-heading-title elementor-size-default\">Regulamento Interno da Faculdade de Ci\u00eancias<\/h2>\t\t\t\t<\/div>\n\t\t\t\t<\/div>\n\t\t\t\t<div class=\"elementor-element elementor-element-dfb1cf4 elementor-widget elementor-widget-text-editor\" data-id=\"dfb1cf4\" data-element_type=\"widget\" data-widget_type=\"text-editor.default\">\n\t\t\t\t<div class=\"elementor-widget-container\">\n\t\t\t\t\t\t\t\t\t<p>Em 2010 a Faculdade aprova o seu Regulamento Interno, que formaliza a estrutura existente e define os termos do seu funcionamento. Entretanto, face a necessidade de se ajustar uma nova realidade, a Faculdade de Ci\u00eancias procedeu a revis\u00e3o deste instrumento. Com efeito, o novo regulamento da Faculdade de Ci\u00eancias foi aprovado em Dezembro de 2019 e a sua implementa\u00e7\u00e3o est\u00e1 em curso desde ent\u00e3o.<\/p>\t\t\t\t\t\t\t\t<\/div>\n\t\t\t\t<\/div>\n\t\t\t\t\t<\/div>\n\t\t\t\t<\/div>\n\t\t\t\t<\/div>\n\t\t","protected":false},"excerpt":{"rendered":"<p>Historial A Universidade Eduardo Mondlane foi fundada no dia 21 de Agosto de 1962, sob a designa\u00e7\u00e3o de Estudos Gerais [&hellip;]<\/p>\n","protected":false},"author":1,"featured_media":0,"parent":0,"menu_order":0,"comment_status":"closed","ping_status":"closed","template":"","meta":{"site-sidebar-layout":"no-sidebar","site-content-layout":"plain-container","ast-site-content-layout":"","site-content-style":"default","site-sidebar-style":"default","ast-global-header-display":"","ast-banner-title-visibility":"","ast-main-header-display":"","ast-hfb-above-header-display":"","ast-hfb-below-header-display":"","ast-hfb-mobile-header-display":"","site-post-title":"disabled","ast-breadcrumbs-content":"","ast-featured-img":"","footer-sml-layout":"","theme-transparent-header-meta":"enabled","adv-header-id-meta":"","stick-header-meta":"","header-above-stick-meta":"","header-main-stick-meta":"","header-below-stick-meta":"","astra-migrate-meta-layouts":"default","ast-page-background-enabled":"default","ast-page-background-meta":{"desktop":{"background-color":"var(--ast-global-color-4)","background-image":"","background-repeat":"repeat","background-position":"center center","background-size":"auto","background-attachment":"scroll","background-type":"","background-media":"","overlay-type":"","overlay-color":"","overlay-opacity":"","overlay-gradient":""},"tablet":{"background-color":"","background-image":"","background-repeat":"repeat","background-position":"center center","background-size":"auto","background-attachment":"scroll","background-type":"","background-media":"","overlay-type":"","overlay-color":"","overlay-opacity":"","overlay-gradient":""},"mobile":{"background-color":"","background-image":"","background-repeat":"repeat","background-position":"center center","background-size":"auto","background-attachment":"scroll","background-type":"","background-media":"","overlay-type":"","overlay-color":"","overlay-opacity":"","overlay-gradient":""}},"ast-content-background-meta":{"desktop":{"background-color":"var(--ast-global-color-5)","background-image":"","background-repeat":"repeat","background-position":"center center","background-size":"auto","background-attachment":"scroll","background-type":"","background-media":"","overlay-type":"","overlay-color":"","overlay-opacity":"","overlay-gradient":""},"tablet":{"background-color":"var(--ast-global-color-5)","background-image":"","background-repeat":"repeat","background-position":"center center","background-size":"auto","background-attachment":"scroll","background-type":"","background-media":"","overlay-type":"","overlay-color":"","overlay-opacity":"","overlay-gradient":""},"mobile":{"background-color":"var(--ast-global-color-5)","background-image":"","background-repeat":"repeat","background-position":"center center","background-size":"auto","background-attachment":"scroll","background-type":"","background-media":"","overlay-type":"","overlay-color":"","overlay-opacity":"","overlay-gradient":""}},"footnotes":""},"class_list":["post-10","page","type-page","status-publish","hentry"],"_links":{"self":[{"href":"https:\/\/ciencias.uem.mz\/index.php?rest_route=\/wp\/v2\/pages\/10","targetHints":{"allow":["GET"]}}],"collection":[{"href":"https:\/\/ciencias.uem.mz\/index.php?rest_route=\/wp\/v2\/pages"}],"about":[{"href":"https:\/\/ciencias.uem.mz\/index.php?rest_route=\/wp\/v2\/types\/page"}],"author":[{"embeddable":true,"href":"https:\/\/ciencias.uem.mz\/index.php?rest_route=\/wp\/v2\/users\/1"}],"replies":[{"embeddable":true,"href":"https:\/\/ciencias.uem.mz\/index.php?rest_route=%2Fwp%2Fv2%2Fcomments&post=10"}],"version-history":[{"count":0,"href":"https:\/\/ciencias.uem.mz\/index.php?rest_route=\/wp\/v2\/pages\/10\/revisions"}],"wp:attachment":[{"href":"https:\/\/ciencias.uem.mz\/index.php?rest_route=%2Fwp%2Fv2%2Fmedia&parent=10"}],"curies":[{"name":"wp","href":"https:\/\/api.w.org\/{rel}","templated":true}]}}