{"id":11,"date":"2024-10-24T11:35:52","date_gmt":"2024-10-24T11:35:52","guid":{"rendered":"https:\/\/ciencias.uem.mz\/?page_id=11"},"modified":"2024-10-28T10:25:35","modified_gmt":"2024-10-28T10:25:35","slug":"visao-e-missao","status":"publish","type":"page","link":"https:\/\/ciencias.uem.mz\/?page_id=11","title":{"rendered":"Vis\u00e3o e Miss\u00e3o"},"content":{"rendered":"\t\t<div data-elementor-type=\"wp-page\" data-elementor-id=\"11\" class=\"elementor elementor-11\">\n\t\t\t\t<div class=\"elementor-element elementor-element-baa570b e-flex e-con-boxed e-con e-parent\" data-id=\"baa570b\" data-element_type=\"container\">\n\t\t\t\t\t<div class=\"e-con-inner\">\n\t\t\t\t<div class=\"elementor-element elementor-element-3cc4f70 elementor-widget elementor-widget-text-editor\" data-id=\"3cc4f70\" data-element_type=\"widget\" data-widget_type=\"text-editor.default\">\n\t\t\t\t<div class=\"elementor-widget-container\">\n\t\t\t\t\t\t\t\t\t<div class=\"elementor-element elementor-element-f96de32 e-flex e-con-boxed e-con e-parent e-lazyloaded\" data-id=\"f96de32\" data-element_type=\"container\"><div class=\"e-con-inner\"><div class=\"elementor-element elementor-element-f168358 elementor-widget elementor-widget-heading\" data-id=\"f168358\" data-element_type=\"widget\" data-widget_type=\"heading.default\"><div class=\"elementor-widget-container\"><h2 class=\"elementor-heading-title elementor-size-default\">Vis\u00e3o e Miss\u00e3o<\/h2><\/div><\/div><\/div><\/div><div class=\"elementor-element elementor-element-59d72a5 e-flex e-con-boxed e-con e-parent e-lazyloaded\" data-id=\"59d72a5\" data-element_type=\"container\"><div class=\"e-con-inner\"><div class=\"elementor-element elementor-element-c3d7e2b elementor-widget elementor-widget-text-editor\" data-id=\"c3d7e2b\" data-element_type=\"widget\" data-widget_type=\"text-editor.default\"><div class=\"elementor-widget-container\"><p><strong>VIS\u00c3O<\/strong><\/p><p>Ser uma Faculdade de refer\u00eancia na promo\u00e7\u00e3o da excel\u00eancia e inova\u00e7\u00e3o em Ci\u00eancias Naturais para a prosperidade da sociedade.<\/p><p><strong>MISS\u00c3O<\/strong><\/p><p>Desenvolver pesquisa, ensino e extens\u00e3o em Ci\u00eancias Naturais, Puras e Aplicadas. Constituir ponto de refer\u00eancia na produ\u00e7\u00e3o, dissemina\u00e7\u00e3o e promo\u00e7\u00e3o do conhecimento cient\u00edfico em Ci\u00eancias Biol\u00f3gicas, F\u00edsicas, Geol\u00f3gicas, Matem\u00e1ticas, Qu\u00edmicas e \u00e1reas afins, formando profissionais habilitados para lidar com os desafios e demanda da sociedade.<\/p><p><strong>LEMA<\/strong><\/p><p>Excel\u00eancia e Inova\u00e7\u00e3o em Ci\u00eancias Naturais<\/p><p><strong>VALORES<\/strong><\/p><ul><li>Rigor e compet\u00eancia: A comunidade da Faculdade de Ci\u00eancias deve demonstrar a capacidade de operar de forma independente de acordo com as normas e pressupostos da qualidade, princ\u00edpios e valores da Faculdade e com os mandatos e responsabilidades que possam ter impacto sobre as \u00e1reas laboral e de conhecimento.<\/li><\/ul><ul><li>Criatividade: A Faculdade de Ci\u00eancias estimula e valoriza a criatividade no campo da arte, inova\u00e7\u00e3o e cultura em Ci\u00eancias Naturais.<\/li><\/ul><ul><li>Trabalho em equipa: A Faculdade de Ci\u00eancias d\u00e1 primazia a promo\u00e7\u00e3o de grupos de pesquisa na investiga\u00e7\u00e3o, ensino e extens\u00e3o em Ci\u00eancias Naturais.<\/li><\/ul><ul><li>Liberdade acad\u00e9mica: A Faculdade de Ci\u00eancias pauta pela promo\u00e7\u00e3o da liberdade de express\u00e3o, cria\u00e7\u00e3o e estabelecimento da agenda de ensino, investiga\u00e7\u00e3o e extens\u00e3o.<\/li><\/ul><ul><li>Colegialidade: A Faculdade de Ci\u00eancias \u00e9 uma comunidade colegial de investiga\u00e7\u00e3o, docentes, corpo t\u00e9cnico-administrativo e estudantes, cujas pr\u00e1ticas acad\u00e9micas e de gest\u00e3o s\u00e3o informadas por processos decis\u00f3rios emanados dos \u00d3rg\u00e3os colegiais.<\/li><\/ul><ul><li>Neutralidade: Todos os intervenientes da Faculdade s\u00e3o participantes activos de uma comunidade intelectual, alicer\u00e7ada na cidadania acad\u00e9mica, e o trabalho que fazem deve corresponder aos mais elevados padr\u00f5es de integridade intelectual.<\/li><\/ul><ul><li>Parceria e Coopera\u00e7\u00e3o: A Faculdade de Ci\u00eancias estimula a coopera\u00e7\u00e3o e parcerias nacionais e internacionais na investiga\u00e7\u00e3o, ensino e extens\u00e3o em Ci\u00eancias Naturais.<\/li><\/ul><ul><li>Impacto na Sociedade: O envolvimento da Faculdade de Ci\u00eancias nas actividades de pesquisa e extens\u00e3o, preconiza harmoniza\u00e7\u00e3o dos curricula, fortalecimento de grupos de pesquisa, catalizadores de produtos de pesquisa que constituem modelos e exemplos demonstrativos para o desenvolvimento da sociedade.<\/li><\/ul><ul><li>Internacionaliza\u00e7\u00e3o: Para se projectar como uma Faculdade do s\u00e9culo XXI, virada para os desafios da sociedade de conhecimentos, a Faculdade estimula as liga\u00e7\u00f5es internacionais de pesquisadores e grupos de pesquisa.<\/li><\/ul><p><strong>OBJECTIVOS<\/strong><\/p><ul><li>Fortalecer a capacidade institucional em meios humanos, de pesquisa e ensino em Ci\u00eancias Naturais.<\/li><li>Promover pesquisa fundamental e aplicada em Ci\u00eancias Naturais de acordo com os padr\u00f5es internacionais, e seguindo os princ\u00edpios da \u00e9tica e deontologia profissional.<\/li><li>Desenvolver e adoptar novos cursos de Mestrado e Doutoramento em Ci\u00eancias Naturais.<\/li><li>Desenvolver actividades de extens\u00e3o desde a acessoria t\u00e9cnico-cient\u00edfica aos diversos estudos incluindo demonstra\u00e7\u00f5es.<\/li><li>Promover parcerias com institui\u00e7\u00f5es de pesquisa e o sector produtivo a v\u00e1rios n\u00edveis.<\/li><\/ul><\/div><\/div><\/div><\/div>\t\t\t\t\t\t\t\t<\/div>\n\t\t\t\t<\/div>\n\t\t\t\t\t<\/div>\n\t\t\t\t<\/div>\n\t\t\t\t<\/div>\n\t\t","protected":false},"excerpt":{"rendered":"<p>Vis\u00e3o e Miss\u00e3o VIS\u00c3O Ser uma Faculdade de refer\u00eancia na promo\u00e7\u00e3o da excel\u00eancia e inova\u00e7\u00e3o em Ci\u00eancias Naturais para a [&hellip;]<\/p>\n","protected":false},"author":1,"featured_media":0,"parent":0,"menu_order":0,"comment_status":"closed","ping_status":"closed","template":"","meta":{"site-sidebar-layout":"no-sidebar","site-content-layout":"plain-container","ast-site-content-layout":"full-width-container","site-content-style":"default","site-sidebar-style":"default","ast-global-header-display":"","ast-banner-title-visibility":"","ast-main-header-display":"","ast-hfb-above-header-display":"","ast-hfb-below-header-display":"","ast-hfb-mobile-header-display":"","site-post-title":"disabled","ast-breadcrumbs-content":"","ast-featured-img":"disabled","footer-sml-layout":"","theme-transparent-header-meta":"enabled","adv-header-id-meta":"","stick-header-meta":"","header-above-stick-meta":"","header-main-stick-meta":"","header-below-stick-meta":"","astra-migrate-meta-layouts":"default","ast-page-background-enabled":"default","ast-page-background-meta":{"desktop":{"background-color":"var(--ast-global-color-4)","background-image":"","background-repeat":"repeat","background-position":"center center","background-size":"auto","background-attachment":"scroll","background-type":"","background-media":"","overlay-type":"","overlay-color":"","overlay-opacity":"","overlay-gradient":""},"tablet":{"background-color":"","background-image":"","background-repeat":"repeat","background-position":"center center","background-size":"auto","background-attachment":"scroll","background-type":"","background-media":"","overlay-type":"","overlay-color":"","overlay-opacity":"","overlay-gradient":""},"mobile":{"background-color":"","background-image":"","background-repeat":"repeat","background-position":"center center","background-size":"auto","background-attachment":"scroll","background-type":"","background-media":"","overlay-type":"","overlay-color":"","overlay-opacity":"","overlay-gradient":""}},"ast-content-background-meta":{"desktop":{"background-color":"var(--ast-global-color-5)","background-image":"","background-repeat":"repeat","background-position":"center center","background-size":"auto","background-attachment":"scroll","background-type":"","background-media":"","overlay-type":"","overlay-color":"","overlay-opacity":"","overlay-gradient":""},"tablet":{"background-color":"var(--ast-global-color-5)","background-image":"","background-repeat":"repeat","background-position":"center center","background-size":"auto","background-attachment":"scroll","background-type":"","background-media":"","overlay-type":"","overlay-color":"","overlay-opacity":"","overlay-gradient":""},"mobile":{"background-color":"var(--ast-global-color-5)","background-image":"","background-repeat":"repeat","background-position":"center center","background-size":"auto","background-attachment":"scroll","background-type":"","background-media":"","overlay-type":"","overlay-color":"","overlay-opacity":"","overlay-gradient":""}},"footnotes":""},"class_list":["post-11","page","type-page","status-publish","hentry"],"_links":{"self":[{"href":"https:\/\/ciencias.uem.mz\/index.php?rest_route=\/wp\/v2\/pages\/11","targetHints":{"allow":["GET"]}}],"collection":[{"href":"https:\/\/ciencias.uem.mz\/index.php?rest_route=\/wp\/v2\/pages"}],"about":[{"href":"https:\/\/ciencias.uem.mz\/index.php?rest_route=\/wp\/v2\/types\/page"}],"author":[{"embeddable":true,"href":"https:\/\/ciencias.uem.mz\/index.php?rest_route=\/wp\/v2\/users\/1"}],"replies":[{"embeddable":true,"href":"https:\/\/ciencias.uem.mz\/index.php?rest_route=%2Fwp%2Fv2%2Fcomments&post=11"}],"version-history":[{"count":0,"href":"https:\/\/ciencias.uem.mz\/index.php?rest_route=\/wp\/v2\/pages\/11\/revisions"}],"wp:attachment":[{"href":"https:\/\/ciencias.uem.mz\/index.php?rest_route=%2Fwp%2Fv2%2Fmedia&parent=11"}],"curies":[{"name":"wp","href":"https:\/\/api.w.org\/{rel}","templated":true}]}}