{"id":1120,"date":"2024-11-12T09:32:32","date_gmt":"2024-11-12T09:32:32","guid":{"rendered":"https:\/\/ciencias.uem.mz\/?page_id=1120"},"modified":"2024-11-12T09:34:00","modified_gmt":"2024-11-12T09:34:00","slug":"departamento-de-administracao","status":"publish","type":"page","link":"https:\/\/ciencias.uem.mz\/?page_id=1120","title":{"rendered":"Departamento de Administra\u00e7\u00e3o"},"content":{"rendered":"\t\t<div data-elementor-type=\"wp-page\" data-elementor-id=\"1120\" class=\"elementor elementor-1120\">\n\t\t\t\t<div class=\"elementor-element elementor-element-3655aeb e-flex e-con-boxed e-con e-parent\" data-id=\"3655aeb\" data-element_type=\"container\">\n\t\t\t\t\t<div class=\"e-con-inner\">\n\t\t\t\t<div class=\"elementor-element elementor-element-7f757b8 elementor-widget elementor-widget-page-title\" data-id=\"7f757b8\" data-element_type=\"widget\" data-widget_type=\"page-title.default\">\n\t\t\t\t<div class=\"elementor-widget-container\">\n\t\t\t\t\t\t\t\n\t\t<div class=\"hfe-page-title hfe-page-title-wrapper elementor-widget-heading\">\n\n\t\t\t\t\t\t\t\t\t\t\t<a href=\"https:\/\/ciencias.uem.mz\">\n\t\t\t\t\t\t<h2 class=\"elementor-heading-title elementor-size-default\">\n\t\t\t\t\t\t\t\t\n\t\t\t\tDepartamento de Administra\u00e7\u00e3o  \n\t\t\t<\/h2 > \n\t\t\t\t\t\t\t\t\t<\/a>\n\t\t\t\t\t<\/div>\n\t\t\t\t\t\t<\/div>\n\t\t\t\t<\/div>\n\t\t\t\t<div class=\"elementor-element elementor-element-d5c30cf elementor-widget elementor-widget-text-editor\" data-id=\"d5c30cf\" data-element_type=\"widget\" data-widget_type=\"text-editor.default\">\n\t\t\t\t<div class=\"elementor-widget-container\">\n\t\t\t\t\t\t\t\t\t<p>O Departamento de Administra\u00e7\u00e3o da FC \u00e9 a unidade org\u00e2nica interna da FC, respons\u00e1vel pela gest\u00e3o administrativa, pessoal e patrimonial da FC. O Departamento de Administra\u00e7\u00e3o da Faculdade estrutura-se em:<\/p><ol><li>Reparti\u00e7\u00e3o dos Recursos Humanos;<\/li><li>Reparti\u00e7\u00e3o de Manuten\u00e7\u00e3o;<\/li><li>Sec\u00e7\u00e3o de Patrim\u00f3nio e Aprovisionamento; e<\/li><li>\u00a0<\/li><\/ol><p>S\u00e3o fun\u00e7\u00f5es do Departamento de Administra\u00e7\u00e3o, as seguintes:<\/p><ol><li>gest\u00e3o administrativa, do pessoal e do patrim\u00f3nio afecto \u00e0 FC;<\/li><li>elabora\u00e7\u00e3o de propostas anuais do plano de aprovisionamento da FC;<\/li><li>proposta de execu\u00e7\u00e3o dos planos anuais de aprovisionamento da FC;<\/li><li>prepara\u00e7\u00e3o dos processos de contrata\u00e7\u00e3o do pessoal;<\/li><li>conserva\u00e7\u00e3o e repara\u00e7\u00e3o de im\u00f3veis, equipamento e m\u00f3veis afectos \u00e0 FC;<\/li><li>inventaria\u00e7\u00e3o do patrim\u00f3nio afecto \u00e0 FC;<\/li><li>verifica\u00e7\u00e3o e adequa\u00e7\u00e3o de condi\u00e7\u00f5es materiais para o funcionamento da FC;<\/li><li>emiss\u00e3o de parecer sobre o funcionamento das reparti\u00e7\u00f5es e sec\u00e7\u00f5es; e<\/li><li>outras que forem estabelecidas por \u00f3rg\u00e3o competente.<\/li><\/ol>\t\t\t\t\t\t\t\t<\/div>\n\t\t\t\t<\/div>\n\t\t\t\t\t<\/div>\n\t\t\t\t<\/div>\n\t\t\t\t<\/div>\n\t\t","protected":false},"excerpt":{"rendered":"<p>Departamento de Administra\u00e7\u00e3o O Departamento de Administra\u00e7\u00e3o da FC \u00e9 a unidade org\u00e2nica interna da FC, respons\u00e1vel pela gest\u00e3o administrativa, [&hellip;]<\/p>\n","protected":false},"author":5,"featured_media":0,"parent":0,"menu_order":0,"comment_status":"closed","ping_status":"closed","template":"","meta":{"site-sidebar-layout":"no-sidebar","site-content-layout":"","ast-site-content-layout":"full-width-container","site-content-style":"default","site-sidebar-style":"default","ast-global-header-display":"","ast-banner-title-visibility":"","ast-main-header-display":"","ast-hfb-above-header-display":"","ast-hfb-below-header-display":"","ast-hfb-mobile-header-display":"","site-post-title":"disabled","ast-breadcrumbs-content":"","ast-featured-img":"disabled","footer-sml-layout":"","theme-transparent-header-meta":"","adv-header-id-meta":"","stick-header-meta":"","header-above-stick-meta":"","header-main-stick-meta":"","header-below-stick-meta":"","astra-migrate-meta-layouts":"default","ast-page-background-enabled":"default","ast-page-background-meta":{"desktop":{"background-color":"var(--ast-global-color-4)","background-image":"","background-repeat":"repeat","background-position":"center center","background-size":"auto","background-attachment":"scroll","background-type":"","background-media":"","overlay-type":"","overlay-color":"","overlay-opacity":"","overlay-gradient":""},"tablet":{"background-color":"","background-image":"","background-repeat":"repeat","background-position":"center center","background-size":"auto","background-attachment":"scroll","background-type":"","background-media":"","overlay-type":"","overlay-color":"","overlay-opacity":"","overlay-gradient":""},"mobile":{"background-color":"","background-image":"","background-repeat":"repeat","background-position":"center center","background-size":"auto","background-attachment":"scroll","background-type":"","background-media":"","overlay-type":"","overlay-color":"","overlay-opacity":"","overlay-gradient":""}},"ast-content-background-meta":{"desktop":{"background-color":"var(--ast-global-color-5)","background-image":"","background-repeat":"repeat","background-position":"center center","background-size":"auto","background-attachment":"scroll","background-type":"","background-media":"","overlay-type":"","overlay-color":"","overlay-opacity":"","overlay-gradient":""},"tablet":{"background-color":"var(--ast-global-color-5)","background-image":"","background-repeat":"repeat","background-position":"center center","background-size":"auto","background-attachment":"scroll","background-type":"","background-media":"","overlay-type":"","overlay-color":"","overlay-opacity":"","overlay-gradient":""},"mobile":{"background-color":"var(--ast-global-color-5)","background-image":"","background-repeat":"repeat","background-position":"center center","background-size":"auto","background-attachment":"scroll","background-type":"","background-media":"","overlay-type":"","overlay-color":"","overlay-opacity":"","overlay-gradient":""}},"footnotes":""},"class_list":["post-1120","page","type-page","status-publish","hentry"],"_links":{"self":[{"href":"https:\/\/ciencias.uem.mz\/index.php?rest_route=\/wp\/v2\/pages\/1120","targetHints":{"allow":["GET"]}}],"collection":[{"href":"https:\/\/ciencias.uem.mz\/index.php?rest_route=\/wp\/v2\/pages"}],"about":[{"href":"https:\/\/ciencias.uem.mz\/index.php?rest_route=\/wp\/v2\/types\/page"}],"author":[{"embeddable":true,"href":"https:\/\/ciencias.uem.mz\/index.php?rest_route=\/wp\/v2\/users\/5"}],"replies":[{"embeddable":true,"href":"https:\/\/ciencias.uem.mz\/index.php?rest_route=%2Fwp%2Fv2%2Fcomments&post=1120"}],"version-history":[{"count":0,"href":"https:\/\/ciencias.uem.mz\/index.php?rest_route=\/wp\/v2\/pages\/1120\/revisions"}],"wp:attachment":[{"href":"https:\/\/ciencias.uem.mz\/index.php?rest_route=%2Fwp%2Fv2%2Fmedia&parent=1120"}],"curies":[{"name":"wp","href":"https:\/\/api.w.org\/{rel}","templated":true}]}}