{"id":171,"date":"2024-10-24T22:23:21","date_gmt":"2024-10-24T22:23:21","guid":{"rendered":"https:\/\/ciencias.uem.mz\/?page_id=171"},"modified":"2025-03-20T12:49:21","modified_gmt":"2025-03-20T12:49:21","slug":"centro-de-pesquisas-em-energias","status":"publish","type":"page","link":"https:\/\/ciencias.uem.mz\/?page_id=171","title":{"rendered":"Centro de Pesquisas em Energias"},"content":{"rendered":"\t\t<div data-elementor-type=\"wp-page\" data-elementor-id=\"171\" class=\"elementor elementor-171\">\n\t\t\t\t<div class=\"elementor-element elementor-element-50dd190 e-flex e-con-boxed e-con e-parent\" data-id=\"50dd190\" data-element_type=\"container\">\n\t\t\t\t\t<div class=\"e-con-inner\">\n\t\t<div class=\"elementor-element elementor-element-9713d8f e-con-full e-flex e-con e-child\" data-id=\"9713d8f\" data-element_type=\"container\">\n\t\t\t\t<div class=\"elementor-element elementor-element-c52f123 elementor-widget elementor-widget-page-title\" data-id=\"c52f123\" data-element_type=\"widget\" data-widget_type=\"page-title.default\">\n\t\t\t\t<div class=\"elementor-widget-container\">\n\t\t\t\t\t\t\t\n\t\t<div class=\"hfe-page-title hfe-page-title-wrapper elementor-widget-heading\">\n\n\t\t\t\t\t\t\t\t\t\t\t<a href=\"https:\/\/ciencias.uem.mz\">\n\t\t\t\t\t\t<h2 class=\"elementor-heading-title elementor-size-default\">\n\t\t\t\t\t\t\t\t\n\t\t\t\tCentro de Pesquisas em Energias  \n\t\t\t<\/h2 > \n\t\t\t\t\t\t\t\t\t<\/a>\n\t\t\t\t\t<\/div>\n\t\t\t\t\t\t<\/div>\n\t\t\t\t<\/div>\n\t\t\t\t<div class=\"elementor-element elementor-element-a8a793d elementor-widget elementor-widget-text-editor\" data-id=\"a8a793d\" data-element_type=\"widget\" data-widget_type=\"text-editor.default\">\n\t\t\t\t<div class=\"elementor-widget-container\">\n\t\t\t\t\t\t\t\t\t<p>\u00a0<strong>Pre\u00e2mbulo<\/strong><\/p><p>Os actuais desafios de disponibiliza\u00e7\u00e3o de energia para todos no nosso pa\u00eds bem como a natureza transversal da energia, determinam a pertin\u00eancia do Centro de Pesquisas em Energias no nosso pa\u00eds.<\/p><p>Tal multi-disciplinaridade inclui as ci\u00eancias naturais, as ci\u00eancias sociais, as tecnologias, a economia, a sa\u00fade e o direito. Qualquer uma destas \u00e1reas de conhecimento tem um papel importante como contribuinte e como benefici\u00e1ria da investiga\u00e7\u00e3o, desenvolvimento e demonstra\u00e7\u00e3o no sector de energia.<\/p><p><strong>Desafios de Acesso \u00e0 Energia aos N\u00edveis Global, Regional e Nacional<\/strong><\/p><p>A energia foi sempre uma quest\u00e3o central para a subsist\u00eancia e desenvolvimento da esp\u00e9cie humana, desde as sociedades primitivas at\u00e9 aos dias de hoje. Como tal, o desenvolvimento das sociedades implicou sempre uma maior produ\u00e7\u00e3o e consumo de energia, de forma diversificada, para suprir as necessidades da Humanidade. Embora existam diversas fontes \u00fateis e portadoras de energia, a energia el\u00e9ctrica \u00e9 a que encontrou maior utiliza\u00e7\u00e3o, principalmente devido \u00e0 relativa facilidade para a sua obten\u00e7\u00e3o e a capacidade de poder ser transportada para longe dos locais de produ\u00e7\u00e3o. Presentemente, o acesso \u00e0 electricidade \u00e9 um indicador de desenvolvimento e, infelizmente, o n\u00edvel de electrifica\u00e7\u00e3o nas diversas regi\u00f5es do mundo, \u00e9 muito diferente. Em 2019, mais de 10% da popula\u00e7\u00e3o mundial n\u00e3o tinha acesso \u00e0 energia el\u00e9ctrica, o que corresponde a, aproximadamente, 840 milh\u00f5es de pessoas, a maior parte das quais concentradas na \u00c1frica Subsahariana, segundo um estudo do Banco Mundial.<\/p><p>Em Mo\u00e7ambique, cerca de 35% da popula\u00e7\u00e3o tem acesso \u00e0 electricidade. A Agenda 2030 das Na\u00e7\u00f5es Unidas, de 2015, no seu objectivo de desenvolvimento sustent\u00e1vel n\u00famero 7, preconiza, at\u00e9 2030:<\/p><ul><li>Assegurar o acesso universal, de confian\u00e7a, moderno e a pre\u00e7os acess\u00edveis, a servi\u00e7os de energia;<\/li><li>Aumentar substancialmente a participa\u00e7\u00e3o de energias renov\u00e1veis na matriz energ\u00e9tica global;<\/li><li>Duplicar a taxa global de melhoria da efici\u00eancia energ\u00e9tica;<\/li><li>Refor\u00e7ar a coopera\u00e7\u00e3o internacional para facilitar o acesso \u00e0 investiga\u00e7\u00e3o e tecnologias de energia limpa, incluindo energias renov\u00e1veis, efici\u00eancia energ\u00e9tica e tecnologias de combust\u00edveis f\u00f3sseis avan\u00e7adas e mais limpas, e promover o investimento em infra-estruturas de energia e em tecnologias de energia limpa.<\/li><li>Expandir a infra-estrutura e modernizar a tecnologia para o fornecimento de servi\u00e7os de energia modernos e sustent\u00e1veis para todos os pa\u00edses em desenvolvimento, particularmente nos pa\u00edses menos desenvolvidos, nos pequenos Estados insulares em desenvolvimento e nos pa\u00edses em desenvolvimento sem litoral, de acordo com os seus respectivos programas de apoio.<\/li><\/ul><p>Mo\u00e7ambique \u00e9 signat\u00e1rio, tanto da Agenda 2030 tendo criado instrumentos legais nacionais para a sua implementa\u00e7\u00e3o que \u00e9 o Programa Nacional de Acesso \u00e0 Energia para Todos at\u00e9 2030.<\/p><p>A natureza multidisciplinar das actividades que devem ser levadas a cabo justifica a exist\u00eancia do Centro multi\/interdisciplinar para servir de base de programas de \u201cRD&amp;D\u201d desta natureza, fazendo uso dos recursos acad\u00e9micos existentes nos departamentos.<\/p><p>A Estrat\u00e9gia Nacional de Energia, reconhece a energia como sendo um factor transversal comum a todos os dom\u00ednios de actividade e requerendo, portanto, uma abordagem multidisciplinar, com coordena\u00e7\u00e3o entre as diferentes institui\u00e7\u00f5es governamentais, a sociedade civil, o sector privado, a academia e as organiza\u00e7\u00f5es internacionais.\u00a0<\/p>\t\t\t\t\t\t\t\t<\/div>\n\t\t\t\t<\/div>\n\t\t\t\t<\/div>\n\t\t<div class=\"elementor-element elementor-element-7b7d949 e-con-full e-flex e-con e-child\" data-id=\"7b7d949\" data-element_type=\"container\">\n\t\t\t\t<div class=\"elementor-element elementor-element-e541da8 elementor-widget elementor-widget-heading\" data-id=\"e541da8\" data-element_type=\"widget\" data-widget_type=\"heading.default\">\n\t\t\t\t<div class=\"elementor-widget-container\">\n\t\t\t\t\t<h3 class=\"elementor-heading-title elementor-size-default\">Centro de Pesquisa de Energia<\/h3>\t\t\t\t<\/div>\n\t\t\t\t<\/div>\n\t\t\t\t<div class=\"elementor-element elementor-element-5a6ab5c hfe-nav-menu__breakpoint-none hfe-nav-menu__align-left hfe-submenu-icon-arrow hfe-link-redirect-child elementor-invisible elementor-widget elementor-widget-navigation-menu\" data-id=\"5a6ab5c\" data-element_type=\"widget\" data-settings=\"{&quot;padding_vertical_menu_item&quot;:{&quot;unit&quot;:&quot;px&quot;,&quot;size&quot;:7,&quot;sizes&quot;:[]},&quot;_animation&quot;:&quot;fadeIn&quot;,&quot;padding_horizontal_menu_item&quot;:{&quot;unit&quot;:&quot;px&quot;,&quot;size&quot;:15,&quot;sizes&quot;:[]},&quot;padding_horizontal_menu_item_tablet&quot;:{&quot;unit&quot;:&quot;px&quot;,&quot;size&quot;:&quot;&quot;,&quot;sizes&quot;:[]},&quot;padding_horizontal_menu_item_mobile&quot;:{&quot;unit&quot;:&quot;px&quot;,&quot;size&quot;:&quot;&quot;,&quot;sizes&quot;:[]},&quot;padding_vertical_menu_item_tablet&quot;:{&quot;unit&quot;:&quot;px&quot;,&quot;size&quot;:&quot;&quot;,&quot;sizes&quot;:[]},&quot;padding_vertical_menu_item_mobile&quot;:{&quot;unit&quot;:&quot;px&quot;,&quot;size&quot;:&quot;&quot;,&quot;sizes&quot;:[]},&quot;menu_space_between&quot;:{&quot;unit&quot;:&quot;px&quot;,&quot;size&quot;:&quot;&quot;,&quot;sizes&quot;:[]},&quot;menu_space_between_tablet&quot;:{&quot;unit&quot;:&quot;px&quot;,&quot;size&quot;:&quot;&quot;,&quot;sizes&quot;:[]},&quot;menu_space_between_mobile&quot;:{&quot;unit&quot;:&quot;px&quot;,&quot;size&quot;:&quot;&quot;,&quot;sizes&quot;:[]},&quot;dropdown_border_radius&quot;:{&quot;unit&quot;:&quot;px&quot;,&quot;top&quot;:&quot;&quot;,&quot;right&quot;:&quot;&quot;,&quot;bottom&quot;:&quot;&quot;,&quot;left&quot;:&quot;&quot;,&quot;isLinked&quot;:true},&quot;dropdown_border_radius_tablet&quot;:{&quot;unit&quot;:&quot;px&quot;,&quot;top&quot;:&quot;&quot;,&quot;right&quot;:&quot;&quot;,&quot;bottom&quot;:&quot;&quot;,&quot;left&quot;:&quot;&quot;,&quot;isLinked&quot;:true},&quot;dropdown_border_radius_mobile&quot;:{&quot;unit&quot;:&quot;px&quot;,&quot;top&quot;:&quot;&quot;,&quot;right&quot;:&quot;&quot;,&quot;bottom&quot;:&quot;&quot;,&quot;left&quot;:&quot;&quot;,&quot;isLinked&quot;:true},&quot;padding_horizontal_dropdown_item&quot;:{&quot;unit&quot;:&quot;px&quot;,&quot;size&quot;:&quot;&quot;,&quot;sizes&quot;:[]},&quot;padding_horizontal_dropdown_item_tablet&quot;:{&quot;unit&quot;:&quot;px&quot;,&quot;size&quot;:&quot;&quot;,&quot;sizes&quot;:[]},&quot;padding_horizontal_dropdown_item_mobile&quot;:{&quot;unit&quot;:&quot;px&quot;,&quot;size&quot;:&quot;&quot;,&quot;sizes&quot;:[]},&quot;padding_vertical_dropdown_item&quot;:{&quot;unit&quot;:&quot;px&quot;,&quot;size&quot;:15,&quot;sizes&quot;:[]},&quot;padding_vertical_dropdown_item_tablet&quot;:{&quot;unit&quot;:&quot;px&quot;,&quot;size&quot;:&quot;&quot;,&quot;sizes&quot;:[]},&quot;padding_vertical_dropdown_item_mobile&quot;:{&quot;unit&quot;:&quot;px&quot;,&quot;size&quot;:&quot;&quot;,&quot;sizes&quot;:[]},&quot;distance_from_menu&quot;:{&quot;unit&quot;:&quot;px&quot;,&quot;size&quot;:&quot;&quot;,&quot;sizes&quot;:[]},&quot;distance_from_menu_tablet&quot;:{&quot;unit&quot;:&quot;px&quot;,&quot;size&quot;:&quot;&quot;,&quot;sizes&quot;:[]},&quot;distance_from_menu_mobile&quot;:{&quot;unit&quot;:&quot;px&quot;,&quot;size&quot;:&quot;&quot;,&quot;sizes&quot;:[]},&quot;toggle_size&quot;:{&quot;unit&quot;:&quot;px&quot;,&quot;size&quot;:&quot;&quot;,&quot;sizes&quot;:[]},&quot;toggle_size_tablet&quot;:{&quot;unit&quot;:&quot;px&quot;,&quot;size&quot;:&quot;&quot;,&quot;sizes&quot;:[]},&quot;toggle_size_mobile&quot;:{&quot;unit&quot;:&quot;px&quot;,&quot;size&quot;:&quot;&quot;,&quot;sizes&quot;:[]},&quot;toggle_border_width&quot;:{&quot;unit&quot;:&quot;px&quot;,&quot;size&quot;:&quot;&quot;,&quot;sizes&quot;:[]},&quot;toggle_border_width_tablet&quot;:{&quot;unit&quot;:&quot;px&quot;,&quot;size&quot;:&quot;&quot;,&quot;sizes&quot;:[]},&quot;toggle_border_width_mobile&quot;:{&quot;unit&quot;:&quot;px&quot;,&quot;size&quot;:&quot;&quot;,&quot;sizes&quot;:[]},&quot;toggle_border_radius&quot;:{&quot;unit&quot;:&quot;px&quot;,&quot;size&quot;:&quot;&quot;,&quot;sizes&quot;:[]},&quot;toggle_border_radius_tablet&quot;:{&quot;unit&quot;:&quot;px&quot;,&quot;size&quot;:&quot;&quot;,&quot;sizes&quot;:[]},&quot;toggle_border_radius_mobile&quot;:{&quot;unit&quot;:&quot;px&quot;,&quot;size&quot;:&quot;&quot;,&quot;sizes&quot;:[]}}\" data-widget_type=\"navigation-menu.default\">\n\t\t\t\t<div class=\"elementor-widget-container\">\n\t\t\t\t\t\t\t\t<div class=\"hfe-nav-menu hfe-layout-vertical hfe-nav-menu-layout vertical\" data-layout=\"vertical\">\n\t\t\t\t<div role=\"button\" class=\"hfe-nav-menu__toggle elementor-clickable\">\n\t\t\t\t\t<span class=\"screen-reader-text\">Menu<\/span>\n\t\t\t\t\t<div class=\"hfe-nav-menu-icon\">\n\t\t\t\t\t\t\t\t\t\t\t<\/div>\n\t\t\t\t<\/div>\n\t\t\t\t<nav class=\"hfe-nav-menu__layout-vertical hfe-nav-menu__submenu-arrow\" data-toggle-icon=\"\" data-close-icon=\"\" data-full-width=\"\">\n\t\t\t\t\t<ul id=\"menu-1-5a6ab5c\" class=\"hfe-nav-menu\"><li id=\"menu-item-484\" class=\"menu-item menu-item-type-post_type menu-item-object-page parent hfe-creative-menu\"><a href=\"https:\/\/ciencias.uem.mz\/?page_id=171\" class = \"hfe-menu-item\">Inicio (CPE)<\/a><\/li>\n<li id=\"menu-item-493\" class=\"menu-item menu-item-type-post_type menu-item-object-page parent hfe-creative-menu\"><a href=\"https:\/\/ciencias.uem.mz\/?page_id=436\" class = \"hfe-menu-item\">Vis\u00e3o e Miss\u00e3o<\/a><\/li>\n<li id=\"menu-item-494\" class=\"menu-item menu-item-type-post_type menu-item-object-page parent hfe-creative-menu\"><a href=\"https:\/\/ciencias.uem.mz\/?page_id=437\" class = \"hfe-menu-item\">Chefe do Centro<\/a><\/li>\n<li id=\"menu-item-495\" class=\"menu-item menu-item-type-post_type menu-item-object-page parent hfe-creative-menu\"><a href=\"https:\/\/ciencias.uem.mz\/?page_id=438\" class = \"hfe-menu-item\">Fun\u00e7\u00f5es<\/a><\/li>\n<li id=\"menu-item-496\" class=\"menu-item menu-item-type-post_type menu-item-object-page parent hfe-creative-menu\"><a href=\"https:\/\/ciencias.uem.mz\/?page_id=439\" class = \"hfe-menu-item\">Principais \u00c1reas de Actua\u00e7\u00e3o<\/a><\/li>\n<li id=\"menu-item-497\" class=\"menu-item menu-item-type-post_type menu-item-object-page parent hfe-creative-menu\"><a href=\"https:\/\/ciencias.uem.mz\/?page_id=440\" class = \"hfe-menu-item\">Projectos Curso<\/a><\/li>\n<li id=\"menu-item-498\" class=\"menu-item menu-item-type-post_type menu-item-object-page parent hfe-creative-menu\"><a href=\"https:\/\/ciencias.uem.mz\/?page_id=441\" class = \"hfe-menu-item\">Ensino, Investiga\u00e7\u00e3o e Extens\u00e3o<\/a><\/li>\n<li id=\"menu-item-499\" class=\"menu-item menu-item-type-post_type menu-item-object-page parent hfe-creative-menu\"><a href=\"https:\/\/ciencias.uem.mz\/?page_id=482\" class = \"hfe-menu-item\">Laborat\u00f3rio de teste da qualidade de componentes fotovoltaicos<\/a><\/li>\n<li id=\"menu-item-500\" class=\"menu-item menu-item-type-post_type menu-item-object-page parent hfe-creative-menu\"><a href=\"https:\/\/ciencias.uem.mz\/?page_id=483\" class = \"hfe-menu-item\">Laborat\u00f3rio da Luz<\/a><\/li>\n<\/ul> \n\t\t\t\t<\/nav>\n\t\t\t<\/div>\n\t\t\t\t\t\t\t<\/div>\n\t\t\t\t<\/div>\n\t\t\t\t<\/div>\n\t\t\t\t\t<\/div>\n\t\t\t\t<\/div>\n\t\t\t\t<\/div>\n\t\t","protected":false},"excerpt":{"rendered":"<p>Centro de Pesquisas em Energias \u00a0Pre\u00e2mbulo Os actuais desafios de disponibiliza\u00e7\u00e3o de energia para todos no nosso pa\u00eds bem como [&hellip;]<\/p>\n","protected":false},"author":1,"featured_media":0,"parent":0,"menu_order":0,"comment_status":"closed","ping_status":"closed","template":"","meta":{"site-sidebar-layout":"no-sidebar","site-content-layout":"","ast-site-content-layout":"full-width-container","site-content-style":"default","site-sidebar-style":"default","ast-global-header-display":"","ast-banner-title-visibility":"","ast-main-header-display":"","ast-hfb-above-header-display":"","ast-hfb-below-header-display":"","ast-hfb-mobile-header-display":"","site-post-title":"disabled","ast-breadcrumbs-content":"","ast-featured-img":"disabled","footer-sml-layout":"","theme-transparent-header-meta":"","adv-header-id-meta":"","stick-header-meta":"","header-above-stick-meta":"","header-main-stick-meta":"","header-below-stick-meta":"","astra-migrate-meta-layouts":"default","ast-page-background-enabled":"default","ast-page-background-meta":{"desktop":{"background-color":"var(--ast-global-color-4)","background-image":"","background-repeat":"repeat","background-position":"center center","background-size":"auto","background-attachment":"scroll","background-type":"","background-media":"","overlay-type":"","overlay-color":"","overlay-opacity":"","overlay-gradient":""},"tablet":{"background-color":"","background-image":"","background-repeat":"repeat","background-position":"center center","background-size":"auto","background-attachment":"scroll","background-type":"","background-media":"","overlay-type":"","overlay-color":"","overlay-opacity":"","overlay-gradient":""},"mobile":{"background-color":"","background-image":"","background-repeat":"repeat","background-position":"center center","background-size":"auto","background-attachment":"scroll","background-type":"","background-media":"","overlay-type":"","overlay-color":"","overlay-opacity":"","overlay-gradient":""}},"ast-content-background-meta":{"desktop":{"background-color":"var(--ast-global-color-5)","background-image":"","background-repeat":"repeat","background-position":"center center","background-size":"auto","background-attachment":"scroll","background-type":"","background-media":"","overlay-type":"","overlay-color":"","overlay-opacity":"","overlay-gradient":""},"tablet":{"background-color":"var(--ast-global-color-5)","background-image":"","background-repeat":"repeat","background-position":"center center","background-size":"auto","background-attachment":"scroll","background-type":"","background-media":"","overlay-type":"","overlay-color":"","overlay-opacity":"","overlay-gradient":""},"mobile":{"background-color":"var(--ast-global-color-5)","background-image":"","background-repeat":"repeat","background-position":"center center","background-size":"auto","background-attachment":"scroll","background-type":"","background-media":"","overlay-type":"","overlay-color":"","overlay-opacity":"","overlay-gradient":""}},"footnotes":""},"class_list":["post-171","page","type-page","status-publish","hentry"],"_links":{"self":[{"href":"https:\/\/ciencias.uem.mz\/index.php?rest_route=\/wp\/v2\/pages\/171","targetHints":{"allow":["GET"]}}],"collection":[{"href":"https:\/\/ciencias.uem.mz\/index.php?rest_route=\/wp\/v2\/pages"}],"about":[{"href":"https:\/\/ciencias.uem.mz\/index.php?rest_route=\/wp\/v2\/types\/page"}],"author":[{"embeddable":true,"href":"https:\/\/ciencias.uem.mz\/index.php?rest_route=\/wp\/v2\/users\/1"}],"replies":[{"embeddable":true,"href":"https:\/\/ciencias.uem.mz\/index.php?rest_route=%2Fwp%2Fv2%2Fcomments&post=171"}],"version-history":[{"count":0,"href":"https:\/\/ciencias.uem.mz\/index.php?rest_route=\/wp\/v2\/pages\/171\/revisions"}],"wp:attachment":[{"href":"https:\/\/ciencias.uem.mz\/index.php?rest_route=%2Fwp%2Fv2%2Fmedia&parent=171"}],"curies":[{"name":"wp","href":"https:\/\/api.w.org\/{rel}","templated":true}]}}