{"id":179,"date":"2024-10-24T22:24:36","date_gmt":"2024-10-24T22:24:36","guid":{"rendered":"https:\/\/ciencias.uem.mz\/?page_id=179"},"modified":"2024-10-29T13:23:30","modified_gmt":"2024-10-29T13:23:30","slug":"centro-de-pesquisa-em-estatistica","status":"publish","type":"page","link":"https:\/\/ciencias.uem.mz\/?page_id=179","title":{"rendered":"Centro de Pesquisa em Estat\u00edstica"},"content":{"rendered":"\t\t<div data-elementor-type=\"wp-page\" data-elementor-id=\"179\" class=\"elementor elementor-179\">\n\t\t\t\t<div class=\"elementor-element elementor-element-7b9ef06 e-flex e-con-boxed e-con e-parent\" data-id=\"7b9ef06\" data-element_type=\"container\">\n\t\t\t\t\t<div class=\"e-con-inner\">\n\t\t\t\t<div class=\"elementor-element elementor-element-f5faa4d elementor-widget elementor-widget-text-editor\" data-id=\"f5faa4d\" data-element_type=\"widget\" data-widget_type=\"text-editor.default\">\n\t\t\t\t<div class=\"elementor-widget-container\">\n\t\t\t\t\t\t\t\t\t<h2>Centro de Pesquisa em Estat\u00edstica<\/h2><p>\u00a0<\/p><p><strong>Historial<\/strong><\/p><p>A Universidade Eduardo Mondlane (UEM), <strong>destaca a investiga\u00e7\u00e3o como alicerce dos processos de ensino-aprendizagem e extens\u00e3o, raz\u00e3o pela qual<\/strong> aderiu a recomenda\u00e7\u00e3o da Organiza\u00e7\u00e3o das Na\u00e7\u00f5es Unidas para a Educa\u00e7\u00e3o, Ci\u00eancia e Cultura (UNESCO) segundo a qual para os pa\u00edses em vias de desenvolvimento ascenderem ao desenvolvimento precisam que pelo menos uma das suas universidades seja universidade de investiga\u00e7\u00e3o. <\/p><p>\u00c9 neste contexto que surge a necessidade da cria\u00e7\u00e3o do Centro de Estat\u00edstica da Faculdade de Ci\u00eancias &#8211; CEPES, como uma unidade org\u00e2nica vocacionada \u00e0 realiza\u00e7\u00e3o de <strong>actividades de investiga\u00e7\u00e3o, <\/strong><strong>consultoria e forma\u00e7\u00e3o especializada<\/strong>, isto \u00e9, um provedor de conhecimento e servi\u00e7os nas diferentes \u00e1reas de estat\u00edstica aplicada. A unidade dever\u00e1 ainda prestar suporte aos programas de <strong>p\u00f3s-gradua\u00e7\u00e3o<\/strong> no que diz respeito \u00e0 pesquisa quantitativa ou leciona\u00e7\u00e3o de disciplinas espec\u00edficas nas suas \u00e1reas de compet\u00eancia. <\/p><p>Pretende-se que o CEPES seja uma refer\u00eancia nacional no seu campo de atua\u00e7\u00e3o atrav\u00e9s de produ\u00e7\u00e3o e dissemina\u00e7\u00e3o do conhecimento, assim como, na produ\u00e7\u00e3o de indicadores econ\u00f3micos, sociais, ambientais e financeiros que possam contribuir na defini\u00e7\u00e3o de pol\u00edticas para o desenvolvimento do pa\u00eds. Deste modo, o Centro ser\u00e1 o ve\u00edculo importante de liga\u00e7\u00e3o entre a UEM e as comunidades, contribuindo assim, para que a universidade tenha um papel activo no desenvolvimento do pa\u00eds.<\/p><p>\u00a0<\/p><p><strong>Miss\u00e3o<\/strong><\/p><p>Produzir e compartilhar conhecimento na \u00e1rea de estat\u00edstica, contribuindo deste modo, para o desenvolvimento de uma sociedade de conhecimento.<\/p><p><strong>\u00a0<\/strong><\/p><p><strong>Vis\u00e3o<\/strong><\/p><p>Ser refer\u00eancia no seu campo de atua\u00e7\u00e3o atrav\u00e9s da produ\u00e7\u00e3o, aplica\u00e7\u00e3o e dissemina\u00e7\u00e3o de conhecimento.<\/p>\t\t\t\t\t\t\t\t<\/div>\n\t\t\t\t<\/div>\n\t\t\t\t\t<\/div>\n\t\t\t\t<\/div>\n\t\t\t\t<\/div>\n\t\t","protected":false},"excerpt":{"rendered":"<p>Centro de Pesquisa em Estat\u00edstica \u00a0 Historial A Universidade Eduardo Mondlane (UEM), destaca a investiga\u00e7\u00e3o como alicerce dos processos de [&hellip;]<\/p>\n","protected":false},"author":1,"featured_media":0,"parent":0,"menu_order":0,"comment_status":"closed","ping_status":"closed","template":"","meta":{"site-sidebar-layout":"no-sidebar","site-content-layout":"","ast-site-content-layout":"full-width-container","site-content-style":"default","site-sidebar-style":"default","ast-global-header-display":"","ast-banner-title-visibility":"","ast-main-header-display":"","ast-hfb-above-header-display":"","ast-hfb-below-header-display":"","ast-hfb-mobile-header-display":"","site-post-title":"disabled","ast-breadcrumbs-content":"","ast-featured-img":"disabled","footer-sml-layout":"","theme-transparent-header-meta":"","adv-header-id-meta":"","stick-header-meta":"","header-above-stick-meta":"","header-main-stick-meta":"","header-below-stick-meta":"","astra-migrate-meta-layouts":"default","ast-page-background-enabled":"default","ast-page-background-meta":{"desktop":{"background-color":"var(--ast-global-color-4)","background-image":"","background-repeat":"repeat","background-position":"center center","background-size":"auto","background-attachment":"scroll","background-type":"","background-media":"","overlay-type":"","overlay-color":"","overlay-opacity":"","overlay-gradient":""},"tablet":{"background-color":"","background-image":"","background-repeat":"repeat","background-position":"center center","background-size":"auto","background-attachment":"scroll","background-type":"","background-media":"","overlay-type":"","overlay-color":"","overlay-opacity":"","overlay-gradient":""},"mobile":{"background-color":"","background-image":"","background-repeat":"repeat","background-position":"center center","background-size":"auto","background-attachment":"scroll","background-type":"","background-media":"","overlay-type":"","overlay-color":"","overlay-opacity":"","overlay-gradient":""}},"ast-content-background-meta":{"desktop":{"background-color":"var(--ast-global-color-5)","background-image":"","background-repeat":"repeat","background-position":"center center","background-size":"auto","background-attachment":"scroll","background-type":"","background-media":"","overlay-type":"","overlay-color":"","overlay-opacity":"","overlay-gradient":""},"tablet":{"background-color":"var(--ast-global-color-5)","background-image":"","background-repeat":"repeat","background-position":"center center","background-size":"auto","background-attachment":"scroll","background-type":"","background-media":"","overlay-type":"","overlay-color":"","overlay-opacity":"","overlay-gradient":""},"mobile":{"background-color":"var(--ast-global-color-5)","background-image":"","background-repeat":"repeat","background-position":"center center","background-size":"auto","background-attachment":"scroll","background-type":"","background-media":"","overlay-type":"","overlay-color":"","overlay-opacity":"","overlay-gradient":""}},"footnotes":""},"class_list":["post-179","page","type-page","status-publish","hentry"],"_links":{"self":[{"href":"https:\/\/ciencias.uem.mz\/index.php?rest_route=\/wp\/v2\/pages\/179","targetHints":{"allow":["GET"]}}],"collection":[{"href":"https:\/\/ciencias.uem.mz\/index.php?rest_route=\/wp\/v2\/pages"}],"about":[{"href":"https:\/\/ciencias.uem.mz\/index.php?rest_route=\/wp\/v2\/types\/page"}],"author":[{"embeddable":true,"href":"https:\/\/ciencias.uem.mz\/index.php?rest_route=\/wp\/v2\/users\/1"}],"replies":[{"embeddable":true,"href":"https:\/\/ciencias.uem.mz\/index.php?rest_route=%2Fwp%2Fv2%2Fcomments&post=179"}],"version-history":[{"count":0,"href":"https:\/\/ciencias.uem.mz\/index.php?rest_route=\/wp\/v2\/pages\/179\/revisions"}],"wp:attachment":[{"href":"https:\/\/ciencias.uem.mz\/index.php?rest_route=%2Fwp%2Fv2%2Fmedia&parent=179"}],"curies":[{"name":"wp","href":"https:\/\/api.w.org\/{rel}","templated":true}]}}