{"id":181,"date":"2024-10-24T22:24:36","date_gmt":"2024-10-24T22:24:36","guid":{"rendered":"https:\/\/ciencias.uem.mz\/?page_id=181"},"modified":"2024-11-12T09:38:51","modified_gmt":"2024-11-12T09:38:51","slug":"departamentos-de-apoio-administrativo","status":"publish","type":"page","link":"https:\/\/ciencias.uem.mz\/?page_id=181","title":{"rendered":"Departamentos de Apoio Administrativo"},"content":{"rendered":"\t\t<div data-elementor-type=\"wp-page\" data-elementor-id=\"181\" class=\"elementor elementor-181\">\n\t\t\t\t<div class=\"elementor-element elementor-element-c331fc0 e-flex e-con-boxed e-con e-parent\" data-id=\"c331fc0\" data-element_type=\"container\">\n\t\t\t\t\t<div class=\"e-con-inner\">\n\t\t\t\t<div class=\"elementor-element elementor-element-a0c225e elementor-widget elementor-widget-page-title\" data-id=\"a0c225e\" data-element_type=\"widget\" data-widget_type=\"page-title.default\">\n\t\t\t\t<div class=\"elementor-widget-container\">\n\t\t\t\t\t\t\t\n\t\t<div class=\"hfe-page-title hfe-page-title-wrapper elementor-widget-heading\">\n\n\t\t\t\t\t\t\t\t\t\t\t<a href=\"https:\/\/ciencias.uem.mz\">\n\t\t\t\t\t\t<h2 class=\"elementor-heading-title elementor-size-default\">\n\t\t\t\t\t\t\t\t\n\t\t\t\tDepartamentos de Apoio Administrativo  \n\t\t\t<\/h2 > \n\t\t\t\t\t\t\t\t\t<\/a>\n\t\t\t\t\t<\/div>\n\t\t\t\t\t\t<\/div>\n\t\t\t\t<\/div>\n\t\t\t\t<div class=\"elementor-element elementor-element-184cc5f elementor-widget elementor-widget-text-editor\" data-id=\"184cc5f\" data-element_type=\"widget\" data-widget_type=\"text-editor.default\">\n\t\t\t\t<div class=\"elementor-widget-container\">\n\t\t\t\t\t\t\t\t\t<p>Os Departamentos de Apoio Administrativo da FC s\u00e3o unidades org\u00e2nicas internas de apoio administrativo \u00e0 fun\u00e7\u00e3o acad\u00e9mica. Dentre estas: gest\u00e3o de recursos humanos, de finan\u00e7as, de patrim\u00f3nio, aprovisionamento e expediente. Estes, por sua vez, integram v\u00e1rias sec\u00e7\u00f5es e reparti\u00e7\u00f5es.<\/p><p>Actualmente a Faculdade de Ci\u00eancias possui dois (2) Departamentos desta natureza:<\/p><ul><li><a href=\"https:\/\/ciencias.uem.mz\/?page_id=1120\" target=\"_blank\" rel=\"noopener\">Departamento de Administra\u00e7\u00e3o<\/a><\/li><li><a href=\"https:\/\/ciencias.uem.mz\/?page_id=1126\" target=\"_blank\" rel=\"noopener\">Departamento Financeiro<\/a><\/li><\/ul>\t\t\t\t\t\t\t\t<\/div>\n\t\t\t\t<\/div>\n\t\t\t\t\t<\/div>\n\t\t\t\t<\/div>\n\t\t\t\t<\/div>\n\t\t","protected":false},"excerpt":{"rendered":"<p>Departamentos de Apoio Administrativo Os Departamentos de Apoio Administrativo da FC s\u00e3o unidades org\u00e2nicas internas de apoio administrativo \u00e0 fun\u00e7\u00e3o [&hellip;]<\/p>\n","protected":false},"author":1,"featured_media":0,"parent":0,"menu_order":0,"comment_status":"closed","ping_status":"closed","template":"","meta":{"site-sidebar-layout":"no-sidebar","site-content-layout":"","ast-site-content-layout":"full-width-container","site-content-style":"default","site-sidebar-style":"default","ast-global-header-display":"","ast-banner-title-visibility":"","ast-main-header-display":"","ast-hfb-above-header-display":"","ast-hfb-below-header-display":"","ast-hfb-mobile-header-display":"","site-post-title":"disabled","ast-breadcrumbs-content":"","ast-featured-img":"disabled","footer-sml-layout":"","theme-transparent-header-meta":"","adv-header-id-meta":"","stick-header-meta":"","header-above-stick-meta":"","header-main-stick-meta":"","header-below-stick-meta":"","astra-migrate-meta-layouts":"default","ast-page-background-enabled":"default","ast-page-background-meta":{"desktop":{"background-color":"var(--ast-global-color-4)","background-image":"","background-repeat":"repeat","background-position":"center center","background-size":"auto","background-attachment":"scroll","background-type":"","background-media":"","overlay-type":"","overlay-color":"","overlay-opacity":"","overlay-gradient":""},"tablet":{"background-color":"","background-image":"","background-repeat":"repeat","background-position":"center center","background-size":"auto","background-attachment":"scroll","background-type":"","background-media":"","overlay-type":"","overlay-color":"","overlay-opacity":"","overlay-gradient":""},"mobile":{"background-color":"","background-image":"","background-repeat":"repeat","background-position":"center center","background-size":"auto","background-attachment":"scroll","background-type":"","background-media":"","overlay-type":"","overlay-color":"","overlay-opacity":"","overlay-gradient":""}},"ast-content-background-meta":{"desktop":{"background-color":"var(--ast-global-color-5)","background-image":"","background-repeat":"repeat","background-position":"center center","background-size":"auto","background-attachment":"scroll","background-type":"","background-media":"","overlay-type":"","overlay-color":"","overlay-opacity":"","overlay-gradient":""},"tablet":{"background-color":"var(--ast-global-color-5)","background-image":"","background-repeat":"repeat","background-position":"center center","background-size":"auto","background-attachment":"scroll","background-type":"","background-media":"","overlay-type":"","overlay-color":"","overlay-opacity":"","overlay-gradient":""},"mobile":{"background-color":"var(--ast-global-color-5)","background-image":"","background-repeat":"repeat","background-position":"center center","background-size":"auto","background-attachment":"scroll","background-type":"","background-media":"","overlay-type":"","overlay-color":"","overlay-opacity":"","overlay-gradient":""}},"footnotes":""},"class_list":["post-181","page","type-page","status-publish","hentry"],"_links":{"self":[{"href":"https:\/\/ciencias.uem.mz\/index.php?rest_route=\/wp\/v2\/pages\/181","targetHints":{"allow":["GET"]}}],"collection":[{"href":"https:\/\/ciencias.uem.mz\/index.php?rest_route=\/wp\/v2\/pages"}],"about":[{"href":"https:\/\/ciencias.uem.mz\/index.php?rest_route=\/wp\/v2\/types\/page"}],"author":[{"embeddable":true,"href":"https:\/\/ciencias.uem.mz\/index.php?rest_route=\/wp\/v2\/users\/1"}],"replies":[{"embeddable":true,"href":"https:\/\/ciencias.uem.mz\/index.php?rest_route=%2Fwp%2Fv2%2Fcomments&post=181"}],"version-history":[{"count":0,"href":"https:\/\/ciencias.uem.mz\/index.php?rest_route=\/wp\/v2\/pages\/181\/revisions"}],"wp:attachment":[{"href":"https:\/\/ciencias.uem.mz\/index.php?rest_route=%2Fwp%2Fv2%2Fmedia&parent=181"}],"curies":[{"name":"wp","href":"https:\/\/api.w.org\/{rel}","templated":true}]}}