{"id":195,"date":"2024-10-24T22:27:45","date_gmt":"2024-10-24T22:27:45","guid":{"rendered":"https:\/\/ciencias.uem.mz\/?page_id=195"},"modified":"2024-11-18T02:28:47","modified_gmt":"2024-11-18T02:28:47","slug":"extensao","status":"publish","type":"page","link":"https:\/\/ciencias.uem.mz\/?page_id=195","title":{"rendered":"Extens\u00e3o"},"content":{"rendered":"\t\t<div data-elementor-type=\"wp-page\" data-elementor-id=\"195\" class=\"elementor elementor-195\">\n\t\t\t\t<div class=\"elementor-element elementor-element-1959f07 e-flex e-con-boxed e-con e-parent\" data-id=\"1959f07\" data-element_type=\"container\">\n\t\t\t\t\t<div class=\"e-con-inner\">\n\t\t\t\t<div class=\"elementor-element elementor-element-bb21e89 elementor-widget elementor-widget-page-title\" data-id=\"bb21e89\" data-element_type=\"widget\" data-widget_type=\"page-title.default\">\n\t\t\t\t<div class=\"elementor-widget-container\">\n\t\t\t\t\t\t\t\n\t\t<div class=\"hfe-page-title hfe-page-title-wrapper elementor-widget-heading\">\n\n\t\t\t\t\t\t\t\t\t\t\t<a href=\"https:\/\/ciencias.uem.mz\">\n\t\t\t\t\t\t<h2 class=\"elementor-heading-title elementor-size-default\">\n\t\t\t\t\t\t\t\t\n\t\t\t\tExtens\u00e3o  \n\t\t\t<\/h2 > \n\t\t\t\t\t\t\t\t\t<\/a>\n\t\t\t\t\t<\/div>\n\t\t\t\t\t\t<\/div>\n\t\t\t\t<\/div>\n\t\t\t\t<div class=\"elementor-element elementor-element-e691cd5 elementor-widget elementor-widget-text-editor\" data-id=\"e691cd5\" data-element_type=\"widget\" data-widget_type=\"text-editor.default\">\n\t\t\t\t<div class=\"elementor-widget-container\">\n\t\t\t\t\t\t\t\t\t<p><strong>Extens\u00e3o na Faculdade de Ci\u00eancias<\/strong><\/p><p>A Faculdade providencia, em todas as suas actividades, a compreens\u00e3o da import\u00e2ncia da ci\u00eancia nas outras \u00e1reas de saber e desenvolve actividades de extens\u00e3o conjuntas com a comunidade, organiza\u00e7\u00f5es p\u00fablicas e privadas, e outros demais interessados.<\/p><p>As actividades de Extens\u00e3o na Faculdade de Ci\u00eancias s\u00e3o coordenadas por um Director-Adjunto, a n\u00edvel da Direc\u00e7\u00e3o, e est\u00e3o presentes em cada um dos Departamentos Acad\u00e9micos e Centros Internos.<\/p><p><strong>Algumas actividades de extens\u00e3o<\/strong><\/p><ul><li>Concep\u00e7\u00e3o, desenvolvimento e oferta de cursos de especializa\u00e7\u00e3o e realiza\u00e7\u00e3o de cursos de curta dura\u00e7\u00e3o<\/li><li>Desenho e produ\u00e7\u00e3o de materiais para uso nas comunidades e em diferentes sectores<\/li><li>Avalia\u00e7\u00e3o de qualidade de recursos naturais, materiais e ambiental<\/li><li>Palestras, semin\u00e1rios, workshops<\/li><li>Presta\u00e7\u00e3o de servi\u00e7os diversos e consultoria<\/li><li>Promo\u00e7\u00e3o da ci\u00eancia e desenvolvimento comunit\u00e1rio em escolas e outras institui\u00e7\u00f5es de ensino p\u00fablicas e privadas<\/li><li>Desenho de amostras para inqu\u00e9ritos<\/li><li>Participa\u00e7\u00e3o em equipes multidisciplinares de pesquisa<\/li><\/ul><p><strong>Semin\u00e1rios<\/strong><\/p><p>Ao longo do ano acad\u00e9mico s\u00e3o organizadas palestras proferidas pelos docentes e investigadores da Faculdade de Ci\u00eancias e por convidados de universidades e outras institui\u00e7\u00f5es nacionais, regionais e internacionais.<\/p>\t\t\t\t\t\t\t\t<\/div>\n\t\t\t\t<\/div>\n\t\t\t\t\t<\/div>\n\t\t\t\t<\/div>\n\t\t\t\t<\/div>\n\t\t","protected":false},"excerpt":{"rendered":"<p>Extens\u00e3o Extens\u00e3o na Faculdade de Ci\u00eancias A Faculdade providencia, em todas as suas actividades, a compreens\u00e3o da import\u00e2ncia da ci\u00eancia [&hellip;]<\/p>\n","protected":false},"author":1,"featured_media":0,"parent":0,"menu_order":0,"comment_status":"closed","ping_status":"closed","template":"","meta":{"site-sidebar-layout":"no-sidebar","site-content-layout":"","ast-site-content-layout":"full-width-container","site-content-style":"default","site-sidebar-style":"default","ast-global-header-display":"","ast-banner-title-visibility":"","ast-main-header-display":"","ast-hfb-above-header-display":"","ast-hfb-below-header-display":"","ast-hfb-mobile-header-display":"","site-post-title":"disabled","ast-breadcrumbs-content":"","ast-featured-img":"disabled","footer-sml-layout":"","theme-transparent-header-meta":"","adv-header-id-meta":"","stick-header-meta":"","header-above-stick-meta":"","header-main-stick-meta":"","header-below-stick-meta":"","astra-migrate-meta-layouts":"default","ast-page-background-enabled":"default","ast-page-background-meta":{"desktop":{"background-color":"var(--ast-global-color-4)","background-image":"","background-repeat":"repeat","background-position":"center center","background-size":"auto","background-attachment":"scroll","background-type":"","background-media":"","overlay-type":"","overlay-color":"","overlay-opacity":"","overlay-gradient":""},"tablet":{"background-color":"","background-image":"","background-repeat":"repeat","background-position":"center center","background-size":"auto","background-attachment":"scroll","background-type":"","background-media":"","overlay-type":"","overlay-color":"","overlay-opacity":"","overlay-gradient":""},"mobile":{"background-color":"","background-image":"","background-repeat":"repeat","background-position":"center center","background-size":"auto","background-attachment":"scroll","background-type":"","background-media":"","overlay-type":"","overlay-color":"","overlay-opacity":"","overlay-gradient":""}},"ast-content-background-meta":{"desktop":{"background-color":"var(--ast-global-color-5)","background-image":"","background-repeat":"repeat","background-position":"center center","background-size":"auto","background-attachment":"scroll","background-type":"","background-media":"","overlay-type":"","overlay-color":"","overlay-opacity":"","overlay-gradient":""},"tablet":{"background-color":"var(--ast-global-color-5)","background-image":"","background-repeat":"repeat","background-position":"center center","background-size":"auto","background-attachment":"scroll","background-type":"","background-media":"","overlay-type":"","overlay-color":"","overlay-opacity":"","overlay-gradient":""},"mobile":{"background-color":"var(--ast-global-color-5)","background-image":"","background-repeat":"repeat","background-position":"center center","background-size":"auto","background-attachment":"scroll","background-type":"","background-media":"","overlay-type":"","overlay-color":"","overlay-opacity":"","overlay-gradient":""}},"footnotes":""},"class_list":["post-195","page","type-page","status-publish","hentry"],"_links":{"self":[{"href":"https:\/\/ciencias.uem.mz\/index.php?rest_route=\/wp\/v2\/pages\/195","targetHints":{"allow":["GET"]}}],"collection":[{"href":"https:\/\/ciencias.uem.mz\/index.php?rest_route=\/wp\/v2\/pages"}],"about":[{"href":"https:\/\/ciencias.uem.mz\/index.php?rest_route=\/wp\/v2\/types\/page"}],"author":[{"embeddable":true,"href":"https:\/\/ciencias.uem.mz\/index.php?rest_route=\/wp\/v2\/users\/1"}],"replies":[{"embeddable":true,"href":"https:\/\/ciencias.uem.mz\/index.php?rest_route=%2Fwp%2Fv2%2Fcomments&post=195"}],"version-history":[{"count":0,"href":"https:\/\/ciencias.uem.mz\/index.php?rest_route=\/wp\/v2\/pages\/195\/revisions"}],"wp:attachment":[{"href":"https:\/\/ciencias.uem.mz\/index.php?rest_route=%2Fwp%2Fv2%2Fmedia&parent=195"}],"curies":[{"name":"wp","href":"https:\/\/api.w.org\/{rel}","templated":true}]}}