{"id":924,"date":"2024-10-30T10:01:32","date_gmt":"2024-10-30T10:01:32","guid":{"rendered":"https:\/\/ciencias.uem.mz\/?page_id=924"},"modified":"2024-11-12T08:36:35","modified_gmt":"2024-11-12T08:36:35","slug":"chefe-do-departamento-2","status":"publish","type":"page","link":"https:\/\/ciencias.uem.mz\/?page_id=924","title":{"rendered":"Chefe do Departamento de Quimica"},"content":{"rendered":"\t\t<div data-elementor-type=\"wp-page\" data-elementor-id=\"924\" class=\"elementor elementor-924\">\n\t\t\t\t<div class=\"elementor-element elementor-element-7e16a12 e-flex e-con-boxed e-con e-parent\" data-id=\"7e16a12\" data-element_type=\"container\">\n\t\t\t\t\t<div class=\"e-con-inner\">\n\t\t\t\t<div class=\"elementor-element elementor-element-ec10485 elementor-widget elementor-widget-image\" data-id=\"ec10485\" data-element_type=\"widget\" data-widget_type=\"image.default\">\n\t\t\t\t<div class=\"elementor-widget-container\">\n\t\t\t\t\t\t\t\t\t\t\t\t\t\t\t<img fetchpriority=\"high\" decoding=\"async\" width=\"244\" height=\"328\" src=\"https:\/\/ciencias.uem.mz\/wp-content\/uploads\/2024\/11\/JaimeMandlate.png\" class=\"attachment-1536x1536 size-1536x1536 wp-image-1059\" alt=\"\" srcset=\"https:\/\/ciencias.uem.mz\/wp-content\/uploads\/2024\/11\/JaimeMandlate.png 244w, https:\/\/ciencias.uem.mz\/wp-content\/uploads\/2024\/11\/JaimeMandlate-223x300.png 223w\" sizes=\"(max-width: 244px) 100vw, 244px\" \/>\t\t\t\t\t\t\t\t\t\t\t\t\t\t\t<\/div>\n\t\t\t\t<\/div>\n\t\t<div class=\"elementor-element elementor-element-9c16212 e-con-full e-flex e-con e-child\" data-id=\"9c16212\" data-element_type=\"container\">\n\t\t\t\t<div class=\"elementor-element elementor-element-4efa9d2 elementor-widget elementor-widget-text-editor\" data-id=\"4efa9d2\" data-element_type=\"widget\" data-widget_type=\"text-editor.default\">\n\t\t\t\t<div class=\"elementor-widget-container\">\n\t\t\t\t\t\t\t\t\t<p>Prof. Doutor Jaime Silvestre Mandlate<\/p><p>Fez a Licenciatura em Qu\u00edmica em 2007 pela Universidade Eduardo Mondlane (UEM), Mestrado Qu\u00edmica Tecnol\u00f3gica e Ambiental em 2014 pela Universidade Federal de Rio Grande no Brasil. Concluiu o Doutoramento em 2020, em Qu\u00edmica Anal\u00edtica, pela Universidade Federal de Santa Maria no Brasil. \u00c9 Professor Auxiliar no Departamento de Qu\u00edmica da UEM desde do ano de 2022.<\/p><p>Trabalha como docente na UEM desde Julho de 2008, tendo desempenhado a fun\u00e7\u00e3o de Director de Curso de 2014 a 2017.\u00a0Foi Chefe da Sec\u00e7\u00e3o de Qu\u00edmica Inorg\u00e2nica e Qu\u00edmica Anal\u00edtica no Departamento de Qu\u00edmica da Faculdade de Ci\u00eancias. Desde ent\u00e3o trabalha como docente das disciplinas de Qu\u00edmica Anal\u00edtica, An\u00e1lise Instrumental, Qu\u00edmica Ambiental. O seu interesse em pesquisa cient\u00edfica centra-se no desenvolvimento de m\u00e9todos de preparo de amostra seguindo os pressupostos da Qu\u00edmica Anal\u00edtica Verde, com aplica\u00e7\u00f5es para matrizes ambientais e industriais. \u00c9 actualmente o chefe de Departamento de Qu\u00edmica.<\/p>\t\t\t\t\t\t\t\t<\/div>\n\t\t\t\t<\/div>\n\t\t\t\t<\/div>\n\t\t<div class=\"elementor-element elementor-element-edd2a1c e-con-full e-flex e-con e-child\" data-id=\"edd2a1c\" data-element_type=\"container\">\n\t\t\t\t<div class=\"elementor-element elementor-element-49c683d elementor-widget elementor-widget-heading\" data-id=\"49c683d\" data-element_type=\"widget\" data-widget_type=\"heading.default\">\n\t\t\t\t<div class=\"elementor-widget-container\">\n\t\t\t\t\t<h4 class=\"elementor-heading-title elementor-size-default\">Departamento de Qu\u00edmica<\/h4>\t\t\t\t<\/div>\n\t\t\t\t<\/div>\n\t\t\t\t<div class=\"elementor-element elementor-element-cc1c6cd hfe-nav-menu__breakpoint-none hfe-nav-menu__align-left hfe-submenu-icon-arrow hfe-link-redirect-child elementor-widget elementor-widget-navigation-menu\" data-id=\"cc1c6cd\" data-element_type=\"widget\" data-settings=\"{&quot;padding_horizontal_menu_item&quot;:{&quot;unit&quot;:&quot;px&quot;,&quot;size&quot;:15,&quot;sizes&quot;:[]},&quot;padding_horizontal_menu_item_tablet&quot;:{&quot;unit&quot;:&quot;px&quot;,&quot;size&quot;:&quot;&quot;,&quot;sizes&quot;:[]},&quot;padding_horizontal_menu_item_mobile&quot;:{&quot;unit&quot;:&quot;px&quot;,&quot;size&quot;:&quot;&quot;,&quot;sizes&quot;:[]},&quot;padding_vertical_menu_item&quot;:{&quot;unit&quot;:&quot;px&quot;,&quot;size&quot;:15,&quot;sizes&quot;:[]},&quot;padding_vertical_menu_item_tablet&quot;:{&quot;unit&quot;:&quot;px&quot;,&quot;size&quot;:&quot;&quot;,&quot;sizes&quot;:[]},&quot;padding_vertical_menu_item_mobile&quot;:{&quot;unit&quot;:&quot;px&quot;,&quot;size&quot;:&quot;&quot;,&quot;sizes&quot;:[]},&quot;menu_space_between&quot;:{&quot;unit&quot;:&quot;px&quot;,&quot;size&quot;:&quot;&quot;,&quot;sizes&quot;:[]},&quot;menu_space_between_tablet&quot;:{&quot;unit&quot;:&quot;px&quot;,&quot;size&quot;:&quot;&quot;,&quot;sizes&quot;:[]},&quot;menu_space_between_mobile&quot;:{&quot;unit&quot;:&quot;px&quot;,&quot;size&quot;:&quot;&quot;,&quot;sizes&quot;:[]},&quot;dropdown_border_radius&quot;:{&quot;unit&quot;:&quot;px&quot;,&quot;top&quot;:&quot;&quot;,&quot;right&quot;:&quot;&quot;,&quot;bottom&quot;:&quot;&quot;,&quot;left&quot;:&quot;&quot;,&quot;isLinked&quot;:true},&quot;dropdown_border_radius_tablet&quot;:{&quot;unit&quot;:&quot;px&quot;,&quot;top&quot;:&quot;&quot;,&quot;right&quot;:&quot;&quot;,&quot;bottom&quot;:&quot;&quot;,&quot;left&quot;:&quot;&quot;,&quot;isLinked&quot;:true},&quot;dropdown_border_radius_mobile&quot;:{&quot;unit&quot;:&quot;px&quot;,&quot;top&quot;:&quot;&quot;,&quot;right&quot;:&quot;&quot;,&quot;bottom&quot;:&quot;&quot;,&quot;left&quot;:&quot;&quot;,&quot;isLinked&quot;:true},&quot;padding_horizontal_dropdown_item&quot;:{&quot;unit&quot;:&quot;px&quot;,&quot;size&quot;:&quot;&quot;,&quot;sizes&quot;:[]},&quot;padding_horizontal_dropdown_item_tablet&quot;:{&quot;unit&quot;:&quot;px&quot;,&quot;size&quot;:&quot;&quot;,&quot;sizes&quot;:[]},&quot;padding_horizontal_dropdown_item_mobile&quot;:{&quot;unit&quot;:&quot;px&quot;,&quot;size&quot;:&quot;&quot;,&quot;sizes&quot;:[]},&quot;padding_vertical_dropdown_item&quot;:{&quot;unit&quot;:&quot;px&quot;,&quot;size&quot;:15,&quot;sizes&quot;:[]},&quot;padding_vertical_dropdown_item_tablet&quot;:{&quot;unit&quot;:&quot;px&quot;,&quot;size&quot;:&quot;&quot;,&quot;sizes&quot;:[]},&quot;padding_vertical_dropdown_item_mobile&quot;:{&quot;unit&quot;:&quot;px&quot;,&quot;size&quot;:&quot;&quot;,&quot;sizes&quot;:[]},&quot;distance_from_menu&quot;:{&quot;unit&quot;:&quot;px&quot;,&quot;size&quot;:&quot;&quot;,&quot;sizes&quot;:[]},&quot;distance_from_menu_tablet&quot;:{&quot;unit&quot;:&quot;px&quot;,&quot;size&quot;:&quot;&quot;,&quot;sizes&quot;:[]},&quot;distance_from_menu_mobile&quot;:{&quot;unit&quot;:&quot;px&quot;,&quot;size&quot;:&quot;&quot;,&quot;sizes&quot;:[]},&quot;toggle_size&quot;:{&quot;unit&quot;:&quot;px&quot;,&quot;size&quot;:&quot;&quot;,&quot;sizes&quot;:[]},&quot;toggle_size_tablet&quot;:{&quot;unit&quot;:&quot;px&quot;,&quot;size&quot;:&quot;&quot;,&quot;sizes&quot;:[]},&quot;toggle_size_mobile&quot;:{&quot;unit&quot;:&quot;px&quot;,&quot;size&quot;:&quot;&quot;,&quot;sizes&quot;:[]},&quot;toggle_border_width&quot;:{&quot;unit&quot;:&quot;px&quot;,&quot;size&quot;:&quot;&quot;,&quot;sizes&quot;:[]},&quot;toggle_border_width_tablet&quot;:{&quot;unit&quot;:&quot;px&quot;,&quot;size&quot;:&quot;&quot;,&quot;sizes&quot;:[]},&quot;toggle_border_width_mobile&quot;:{&quot;unit&quot;:&quot;px&quot;,&quot;size&quot;:&quot;&quot;,&quot;sizes&quot;:[]},&quot;toggle_border_radius&quot;:{&quot;unit&quot;:&quot;px&quot;,&quot;size&quot;:&quot;&quot;,&quot;sizes&quot;:[]},&quot;toggle_border_radius_tablet&quot;:{&quot;unit&quot;:&quot;px&quot;,&quot;size&quot;:&quot;&quot;,&quot;sizes&quot;:[]},&quot;toggle_border_radius_mobile&quot;:{&quot;unit&quot;:&quot;px&quot;,&quot;size&quot;:&quot;&quot;,&quot;sizes&quot;:[]}}\" data-widget_type=\"navigation-menu.default\">\n\t\t\t\t<div class=\"elementor-widget-container\">\n\t\t\t\t\t\t\t\t<div class=\"hfe-nav-menu hfe-layout-vertical hfe-nav-menu-layout vertical\" data-layout=\"vertical\">\n\t\t\t\t<div role=\"button\" class=\"hfe-nav-menu__toggle elementor-clickable\">\n\t\t\t\t\t<span class=\"screen-reader-text\">Menu<\/span>\n\t\t\t\t\t<div class=\"hfe-nav-menu-icon\">\n\t\t\t\t\t\t\t\t\t\t\t<\/div>\n\t\t\t\t<\/div>\n\t\t\t\t<nav class=\"hfe-nav-menu__layout-vertical hfe-nav-menu__submenu-arrow\" data-toggle-icon=\"\" data-close-icon=\"\" data-full-width=\"\">\n\t\t\t\t\t<ul id=\"menu-1-cc1c6cd\" class=\"hfe-nav-menu\"><li id=\"menu-item-1589\" class=\"menu-item menu-item-type-custom menu-item-object-custom parent hfe-creative-menu\"><a href=\"https:\/\/ciencias.uem.mz\/?page_id=156\" class = \"hfe-menu-item\">In\u00edcio<\/a><\/li>\n<li id=\"menu-item-1610\" class=\"menu-item menu-item-type-post_type menu-item-object-page parent hfe-creative-menu\"><a href=\"https:\/\/ciencias.uem.mz\/?page_id=1594\" class = \"hfe-menu-item\">Organiza\u00e7\u00e3o Interna do DMI<\/a><\/li>\n<li id=\"menu-item-1611\" class=\"menu-item menu-item-type-post_type menu-item-object-page parent hfe-creative-menu\"><a href=\"https:\/\/ciencias.uem.mz\/?page_id=1596\" class = \"hfe-menu-item\">Chefe do Departamento<\/a><\/li>\n<li id=\"menu-item-1612\" class=\"menu-item menu-item-type-post_type menu-item-object-page parent hfe-creative-menu\"><a href=\"https:\/\/ciencias.uem.mz\/?page_id=1597\" class = \"hfe-menu-item\">Pesquisa no DMI<\/a><\/li>\n<li id=\"menu-item-1613\" class=\"menu-item menu-item-type-post_type menu-item-object-page parent hfe-creative-menu\"><a href=\"https:\/\/ciencias.uem.mz\/?page_id=1598\" class = \"hfe-menu-item\">Laborat\u00f3rios do DMI<\/a><\/li>\n<li id=\"menu-item-1614\" class=\"menu-item menu-item-type-post_type menu-item-object-page parent hfe-creative-menu\"><a href=\"https:\/\/ciencias.uem.mz\/?page_id=1599\" class = \"hfe-menu-item\">NEDMI<\/a><\/li>\n<\/ul> \n\t\t\t\t<\/nav>\n\t\t\t<\/div>\n\t\t\t\t\t\t\t<\/div>\n\t\t\t\t<\/div>\n\t\t\t\t<\/div>\n\t\t\t\t\t<\/div>\n\t\t\t\t<\/div>\n\t\t\t\t<\/div>\n\t\t","protected":false},"excerpt":{"rendered":"<p>Chefe do Departamento de Quimica Prof. Doutor Jaime Silvestre Mandlate Fez a Licenciatura em Qu\u00edmica em 2007 pela Universidade Eduardo [&hellip;]<\/p>\n","protected":false},"author":5,"featured_media":0,"parent":0,"menu_order":0,"comment_status":"closed","ping_status":"closed","template":"","meta":{"site-sidebar-layout":"no-sidebar","site-content-layout":"","ast-site-content-layout":"full-width-container","site-content-style":"default","site-sidebar-style":"default","ast-global-header-display":"","ast-banner-title-visibility":"","ast-main-header-display":"","ast-hfb-above-header-display":"","ast-hfb-below-header-display":"","ast-hfb-mobile-header-display":"","site-post-title":"disabled","ast-breadcrumbs-content":"","ast-featured-img":"disabled","footer-sml-layout":"","theme-transparent-header-meta":"","adv-header-id-meta":"","stick-header-meta":"","header-above-stick-meta":"","header-main-stick-meta":"","header-below-stick-meta":"","astra-migrate-meta-layouts":"default","ast-page-background-enabled":"default","ast-page-background-meta":{"desktop":{"background-color":"var(--ast-global-color-4)","background-image":"","background-repeat":"repeat","background-position":"center center","background-size":"auto","background-attachment":"scroll","background-type":"","background-media":"","overlay-type":"","overlay-color":"","overlay-opacity":"","overlay-gradient":""},"tablet":{"background-color":"","background-image":"","background-repeat":"repeat","background-position":"center center","background-size":"auto","background-attachment":"scroll","background-type":"","background-media":"","overlay-type":"","overlay-color":"","overlay-opacity":"","overlay-gradient":""},"mobile":{"background-color":"","background-image":"","background-repeat":"repeat","background-position":"center center","background-size":"auto","background-attachment":"scroll","background-type":"","background-media":"","overlay-type":"","overlay-color":"","overlay-opacity":"","overlay-gradient":""}},"ast-content-background-meta":{"desktop":{"background-color":"var(--ast-global-color-5)","background-image":"","background-repeat":"repeat","background-position":"center center","background-size":"auto","background-attachment":"scroll","background-type":"","background-media":"","overlay-type":"","overlay-color":"","overlay-opacity":"","overlay-gradient":""},"tablet":{"background-color":"var(--ast-global-color-5)","background-image":"","background-repeat":"repeat","background-position":"center center","background-size":"auto","background-attachment":"scroll","background-type":"","background-media":"","overlay-type":"","overlay-color":"","overlay-opacity":"","overlay-gradient":""},"mobile":{"background-color":"var(--ast-global-color-5)","background-image":"","background-repeat":"repeat","background-position":"center center","background-size":"auto","background-attachment":"scroll","background-type":"","background-media":"","overlay-type":"","overlay-color":"","overlay-opacity":"","overlay-gradient":""}},"footnotes":""},"class_list":["post-924","page","type-page","status-publish","hentry"],"_links":{"self":[{"href":"https:\/\/ciencias.uem.mz\/index.php?rest_route=\/wp\/v2\/pages\/924","targetHints":{"allow":["GET"]}}],"collection":[{"href":"https:\/\/ciencias.uem.mz\/index.php?rest_route=\/wp\/v2\/pages"}],"about":[{"href":"https:\/\/ciencias.uem.mz\/index.php?rest_route=\/wp\/v2\/types\/page"}],"author":[{"embeddable":true,"href":"https:\/\/ciencias.uem.mz\/index.php?rest_route=\/wp\/v2\/users\/5"}],"replies":[{"embeddable":true,"href":"https:\/\/ciencias.uem.mz\/index.php?rest_route=%2Fwp%2Fv2%2Fcomments&post=924"}],"version-history":[{"count":0,"href":"https:\/\/ciencias.uem.mz\/index.php?rest_route=\/wp\/v2\/pages\/924\/revisions"}],"wp:attachment":[{"href":"https:\/\/ciencias.uem.mz\/index.php?rest_route=%2Fwp%2Fv2%2Fmedia&parent=924"}],"curies":[{"name":"wp","href":"https:\/\/api.w.org\/{rel}","templated":true}]}}